{"id":443,"date":"2026-02-26T15:27:29","date_gmt":"2026-02-26T14:27:29","guid":{"rendered":"https:\/\/divinasmassage.com\/politica-de-cookies-ue\/"},"modified":"2026-03-12T11:26:35","modified_gmt":"2026-03-12T10:26:35","slug":"%e3%83%97%e3%83%a9%e3%82%a4%e3%83%90%e3%82%b7%e3%83%bc%e3%81%a8%e3%82%af%e3%83%83%e3%82%ad%e3%83%bc","status":"publish","type":"page","link":"https:\/\/divinasmassage.com\/ja\/privacidad-y-cookies\/","title":{"rendered":"\u30d7\u30e9\u30a4\u30d0\u30b7\u30fc\u30dd\u30ea\u30b7\u30fc\u3068\u30af\u30c3\u30ad\u30fc"},"content":{"rendered":"<h1 data-start=\"3569\" data-end=\"3608\">\u30d7\u30e9\u30a4\u30d0\u30b7\u30fc\u30dd\u30ea\u30b7\u30fc<\/h1>\n<p data-start=\"3609\" data-end=\"3631\">\u30c7\u30a3\u30f4\u30a3\u30ca\u30b9 \u30a8\u30ed\u30c6\u30a3\u30c3\u30af \u30de\u30c3\u30b5\u30fc\u30b8<\/p>\n<hr data-start=\"3633\" data-end=\"3636\" \/>\n<h2 data-start=\"3638\" data-end=\"3671\">1. \u30c7\u30fc\u30bf\u7ba1\u7406\u8005<\/h2>\n<p data-start=\"3673\" data-end=\"3840\"><strong data-start=\"3673\" data-end=\"3685\">\u30d8\u30c3\u30c9\u30e9\u30a4\u30f3<\/strong> \u30f4\u30a1\u30ec\u30f3\u30c6\u30a3\u30fc\u30ca\u30fb\u30c9\u30a5\u30df\u30c8\u30e9\u30fc\u30c1\u30a7\u592b\u4eba<br data-start=\"3721\" data-end=\"3724\" \/><strong data-start=\"3724\" data-end=\"3738\">\u4f4f\u6240<\/strong> Avinguda de Roma 13-15, 08013 Barcelona<br data-start=\"3778\" data-end=\"3781\" \/><strong data-start=\"3781\" data-end=\"3794\">\u96fb\u8a71<\/strong> <strong><a href=\"tel:+34675130803\">675 13 08 03<\/a><\/strong><br data-start=\"3806\" data-end=\"3809\" \/><strong data-start=\"3809\" data-end=\"3832\">E\u30e1\u30fc\u30eb<\/strong> <a href=\"mailto:info@divinasmassage.com\">info@divinasmassage.com<\/a><\/p>\n<hr data-start=\"3842\" data-end=\"3845\" \/>\n<h2 data-start=\"3847\" data-end=\"3890\">2.\u51e6\u7406\u3055\u308c\u308b\u53ef\u80fd\u6027\u306e\u3042\u308b\u500b\u4eba\u30c7\u30fc\u30bf<\/h2>\n<p data-start=\"3892\" data-end=\"3909\">\u4ee5\u4e0b\u304c\u8a72\u5f53\u3059\u308b\u53ef\u80fd\u6027\u304c\u3042\u308b\uff1a<\/p>\n<ul data-start=\"3911\" data-end=\"4133\">\n<li data-start=\"3911\" data-end=\"3960\">\n<p data-start=\"3913\" data-end=\"3960\">\u6c0f\u540d\u3068\u59d3\uff08\u30e6\u30fc\u30b6\u30fc\u304b\u3089\u63d0\u4f9b\u3055\u308c\u305f\u5834\u5408\uff09<\/p>\n<\/li>\n<li data-start=\"3961\" data-end=\"3971\">\n<p data-start=\"3963\" data-end=\"3971\">\u96fb\u8a71<\/p>\n<\/li>\n<li data-start=\"3972\" data-end=\"3992\">\n<p data-start=\"3974\" data-end=\"3992\">E\u30e1\u30fc\u30eb\u30a2\u30c9\u30ec\u30b9<\/p>\n<\/li>\n<li data-start=\"3993\" data-end=\"4041\">\n<p data-start=\"3995\" data-end=\"4041\">WhatsApp\u307e\u305f\u306f\u4ed6\u306e\u30c1\u30e3\u30f3\u30cd\u30eb\u304b\u3089\u9001\u4fe1\u3055\u308c\u305f\u30e1\u30c3\u30bb\u30fc\u30b8<\/p>\n<\/li>\n<li data-start=\"4042\" data-end=\"4056\">\n<p data-start=\"4044\" data-end=\"4056\">IP\u30a2\u30c9\u30ec\u30b9<\/p>\n<\/li>\n<li data-start=\"4057\" data-end=\"4104\">\n<p data-start=\"4059\" data-end=\"4104\">\u30b0\u30fc\u30b0\u30eb\u30fb\u30a2\u30ca\u30ea\u30c6\u30a3\u30af\u30b9\u306b\u3088\u308b\u95b2\u89a7\u30c7\u30fc\u30bf<\/p>\n<\/li>\n<li data-start=\"4105\" data-end=\"4133\">\n<p data-start=\"4107\" data-end=\"4133\">\u4e88\u7d04\u306b\u95a2\u3059\u308b\u30c7\u30fc\u30bf<\/p>\n<\/li>\n<\/ul>\n<hr data-start=\"4135\" data-end=\"4138\" \/>\n<h2 data-start=\"4140\" data-end=\"4171\">3.\u51e6\u7406\u306e\u76ee\u7684<\/h2>\n<ul data-start=\"4173\" data-end=\"4346\">\n<li data-start=\"4173\" data-end=\"4207\">\n<p data-start=\"4175\" data-end=\"4207\">\u554f\u3044\u5408\u308f\u305b\u3068\u4e88\u7d04\u306e\u7ba1\u7406.<\/p>\n<\/li>\n<li data-start=\"4208\" data-end=\"4230\">\n<p data-start=\"4210\" data-end=\"4230\">\u30ab\u30b9\u30bf\u30de\u30fc\u30b5\u30fc\u30d3\u30b9\u3002.<\/p>\n<\/li>\n<li data-start=\"4231\" data-end=\"4264\">\n<p data-start=\"4233\" data-end=\"4264\">\u5185\u90e8\u7ba1\u7406\u3002.<\/p>\n<\/li>\n<li data-start=\"4265\" data-end=\"4306\">\n<p data-start=\"4267\" data-end=\"4306\">\u30b5\u30a4\u30c8\u5229\u7528\u72b6\u6cc1\u306e\u7d71\u8a08\u5206\u6790.<\/p>\n<\/li>\n<li data-start=\"4307\" data-end=\"4346\">\n<p data-start=\"4309\" data-end=\"4346\">\u6cd5\u7684\u7fa9\u52d9\u306e\u9075\u5b88\u3002.<\/p>\n<\/li>\n<\/ul>\n<hr data-start=\"4348\" data-end=\"4351\" \/>\n<h2 data-start=\"4353\" data-end=\"4369\">4.\u6cd5\u7684\u6839\u62e0<\/h2>\n<ul data-start=\"4371\" data-end=\"4476\">\n<li data-start=\"4371\" data-end=\"4400\">\n<p data-start=\"4373\" data-end=\"4400\">\u30e6\u30fc\u30b6\u30fc\u306e\u540c\u610f\u3002.<\/p>\n<\/li>\n<li data-start=\"4401\" data-end=\"4436\">\n<p data-start=\"4403\" data-end=\"4436\">\u8981\u6c42\u3055\u308c\u305f\u30b5\u30fc\u30d3\u30b9\u306e\u5b9f\u884c\u3002.<\/p>\n<\/li>\n<li data-start=\"4437\" data-end=\"4476\">\n<p data-start=\"4439\" data-end=\"4476\">\u6cd5\u7684\u7fa9\u52d9\u306e\u9075\u5b88\u3002.<\/p>\n<\/li>\n<\/ul>\n<hr data-start=\"4478\" data-end=\"4481\" \/>\n<h2 data-start=\"4483\" data-end=\"4510\">5.\u30c7\u30fc\u30bf\u4fdd\u6301<\/h2>\n<p data-start=\"4512\" data-end=\"4537\">\u30c7\u30fc\u30bf\u306f\u4fdd\u6301\u3055\u308c\u308b\uff1a<\/p>\n<ul data-start=\"4539\" data-end=\"4634\">\n<li data-start=\"4539\" data-end=\"4591\">\n<p data-start=\"4541\" data-end=\"4591\">\u95a2\u4fc2\u3092\u7ba1\u7406\u3059\u308b\u305f\u3081\u306b\u5fc5\u8981\u306a\u9650\u308a\u3002.<\/p>\n<\/li>\n<li data-start=\"4592\" data-end=\"4634\">\n<p data-start=\"4594\" data-end=\"4634\">\u6cd5\u7684\u5f37\u5236\u529b\u306e\u3042\u308b\u671f\u9650\u5185\u306b\u3002.<\/p>\n<\/li>\n<\/ul>\n<hr data-start=\"4636\" data-end=\"4639\" \/>\n<h2 data-start=\"4641\" data-end=\"4672\">6.\u30d7\u30ed\u30d5\u30a7\u30c3\u30b7\u30e7\u30ca\u30eb\u306e\u30a4\u30e1\u30fc\u30b8<\/h2>\n<p data-start=\"4674\" data-end=\"4756\">\u30a6\u30a7\u30d6\u30b5\u30a4\u30c8\u306b\u63b2\u8f09\u3055\u308c\u305f\u30d7\u30ed\u30d5\u30a7\u30c3\u30b7\u30e7\u30ca\u30eb\u306e\u753b\u50cf\u3068\u82b8\u540d\uff1a<\/p>\n<ul data-start=\"4758\" data-end=\"4866\">\n<li data-start=\"4758\" data-end=\"4791\">\n<p data-start=\"4760\" data-end=\"4791\">\u3053\u308c\u3089\u306f\u540c\u610f\u306e\u4e0a\u3067\u4f7f\u7528\u3055\u308c\u308b\u3002.<\/p>\n<\/li>\n<li data-start=\"4792\" data-end=\"4823\">\n<p data-start=\"4794\" data-end=\"4823\">\u30d7\u30ed\u30e2\u30fc\u30b7\u30e7\u30f3\u7528\u3060\u3002.<\/p>\n<\/li>\n<li data-start=\"4824\" data-end=\"4866\">\n<p data-start=\"4826\" data-end=\"4866\">\u3053\u308c\u3089\u306f\u7b2c\u4e09\u8005\u306b\u3088\u3063\u3066\u518d\u5229\u7528\u3055\u308c\u308b\u3053\u3068\u306f\u3042\u308a\u307e\u305b\u3093\u3002.<\/p>\n<\/li>\n<\/ul>\n<p data-start=\"4868\" data-end=\"5013\">\u30d7\u30ed\u30d5\u30a7\u30c3\u30b7\u30e7\u30ca\u30eb\u306f\u3001\u6709\u52b9\u306a\u898f\u5b9a\u306b\u5f93\u3063\u3066\u3001\u3044\u3064\u3067\u3082\u81ea\u5206\u306e\u753b\u50cf\u3078\u306e\u30a2\u30af\u30bb\u30b9\u3001\u4fee\u6b63\u307e\u305f\u306f\u64a4\u56de\u306b\u95a2\u3059\u308b\u6a29\u5229\u3092\u884c\u4f7f\u3059\u308b\u3053\u3068\u304c\u3067\u304d\u307e\u3059\u3002.<\/p>\n<hr data-start=\"5015\" data-end=\"5018\" \/>\n<h2 data-start=\"5020\" data-end=\"5039\">7.\u30bf\u30fc\u30b2\u30c3\u30c8<\/h2>\n<p data-start=\"5041\" data-end=\"5095\">\u6cd5\u7684\u306b\u7fa9\u52d9\u4ed8\u3051\u3089\u308c\u3066\u3044\u308b\u5834\u5408\u3092\u9664\u304d\u3001\u30c7\u30fc\u30bf\u304c\u7b2c\u4e09\u8005\u306b\u63d0\u4f9b\u3055\u308c\u308b\u3053\u3068\u306f\u3042\u308a\u307e\u305b\u3093\u3002.<\/p>\n<p data-start=\"5097\" data-end=\"5146\">\u30d7\u30ed\u30bb\u30c3\u30b5\u30fc\u3068\u3057\u3066\u6a5f\u80fd\u3059\u308b\u3053\u3068\u3082\u3042\u308b\uff1a<\/p>\n<ul data-start=\"5148\" data-end=\"5236\">\n<li data-start=\"5148\" data-end=\"5170\">\n<p data-start=\"5150\" data-end=\"5170\">\u30db\u30b9\u30c6\u30a3\u30f3\u30b0\u30d7\u30ed\u30d0\u30a4\u30c0\u30fc<\/p>\n<\/li>\n<li data-start=\"5171\" data-end=\"5203\">\n<p data-start=\"5173\" data-end=\"5203\">\u30a6\u30a7\u30d6\u4fdd\u5b88\u30b5\u30fc\u30d3\u30b9<\/p>\n<\/li>\n<li data-start=\"5204\" data-end=\"5222\">\n<p data-start=\"5206\" data-end=\"5222\">\u30b0\u30fc\u30b0\u30eb\u30fb\u30a2\u30ca\u30ea\u30c6\u30a3\u30af\u30b9<\/p>\n<\/li>\n<li data-start=\"5223\" data-end=\"5236\">\n<p data-start=\"5225\" data-end=\"5236\">\u30b0\u30fc\u30b0\u30eb\u30de\u30c3\u30d7<\/p>\n<\/li>\n<\/ul>\n<hr data-start=\"5238\" data-end=\"5241\" \/>\n<h2 data-start=\"5243\" data-end=\"5279\">8.\u56fd\u969b\u9001\u91d1<\/h2>\n<p data-start=\"5281\" data-end=\"5448\">\u6b27\u5dde\u7d4c\u6e08\u5730\u57df\u5916\u306b\u6240\u5728\u3059\u308bGoogle\u307e\u305f\u306f\u305d\u306e\u4ed6\u306e\u30d7\u30ed\u30d0\u30a4\u30c0\u30fc\u306e\u30b5\u30fc\u30d3\u30b9\u3092\u5229\u7528\u3059\u308b\u5834\u5408\u306f\u3001\u6cd5\u5f8b\u3067\u5b9a\u3081\u3089\u308c\u305f\u9069\u5207\u306a\u4fdd\u8b77\u63aa\u7f6e\u304c\u9069\u7528\u3055\u308c\u307e\u3059\u3002.<\/p>\n<hr data-start=\"5450\" data-end=\"5453\" \/>\n<h2 data-start=\"5455\" data-end=\"5481\">9.\u30e6\u30fc\u30b6\u30fc\u306e\u6a29\u5229<\/h2>\n<p data-start=\"5483\" data-end=\"5524\">\u5229\u7528\u8005\u306f\u3001\u4ee5\u4e0b\u306e\u6a29\u5229\u3092\u884c\u4f7f\u3059\u308b\u3053\u3068\u304c\u3067\u304d\u307e\u3059\uff1a<\/p>\n<ul data-start=\"5526\" data-end=\"5602\">\n<li data-start=\"5526\" data-end=\"5534\">\n<p data-start=\"5528\" data-end=\"5534\">\u30a2\u30af\u30bb\u30b9<\/p>\n<\/li>\n<li data-start=\"5535\" data-end=\"5550\">\n<p data-start=\"5537\" data-end=\"5550\">\u8a02\u6b63<\/p>\n<\/li>\n<li data-start=\"5551\" data-end=\"5562\">\n<p data-start=\"5553\" data-end=\"5562\">\u6291\u5236<\/p>\n<\/li>\n<li data-start=\"5563\" data-end=\"5574\">\n<p data-start=\"5565\" data-end=\"5574\">\u91ce\u515a<\/p>\n<\/li>\n<li data-start=\"5575\" data-end=\"5587\">\n<p data-start=\"5577\" data-end=\"5587\">\u5236\u9650<\/p>\n<\/li>\n<li data-start=\"5588\" data-end=\"5602\">\n<p data-start=\"5590\" data-end=\"5602\">\u643a\u5e2f\u6027<\/p>\n<\/li>\n<\/ul>\n<p data-start=\"5604\" data-end=\"5657\">\u6307\u5b9a\u3055\u308c\u305f\u96fb\u5b50\u30e1\u30fc\u30eb\u30a2\u30c9\u30ec\u30b9\u3078\u306e\u901a\u4fe1\u624b\u6bb5\u3002.<\/p>\n<p data-start=\"5659\" data-end=\"5757\">\u307e\u305f\u3001\u30b9\u30da\u30a4\u30f3\u60c5\u5831\u4fdd\u8b77\u5e81\uff08Agencia Espa\u00f1ola de Protecci\u00f3n de Datos\uff09\u306b\u82e6\u60c5\u3092\u7533\u3057\u7acb\u3066\u308b\u3053\u3068\u3082\u3067\u304d\u307e\u3059\u3002<a class=\"decorated-link\" href=\"http:\/\/www.aepd.es\" target=\"_new\" rel=\"noopener\" data-start=\"5744\" data-end=\"5755\">www.aepd.es<\/a>).<\/p>\n<hr data-start=\"5759\" data-end=\"5762\" \/>\n<h1 data-start=\"5764\" data-end=\"5773\">\u30af\u30c3\u30ad\u30fc<\/h1>\n<p data-start=\"5775\" data-end=\"5794\">\u3053\u306e\u30b5\u30a4\u30c8\u3067\u306f\u3001\u4ee5\u4e0b\u306e\u3082\u306e\u3092\u4f7f\u7528\u3057\u3066\u3044\u307e\u3059\uff1a<\/p>\n<ul data-start=\"5796\" data-end=\"5933\">\n<li data-start=\"5796\" data-end=\"5826\">\n<p data-start=\"5798\" data-end=\"5826\">\u5fc5\u8981\u306a\u6280\u8853\u7684\u30af\u30c3\u30ad\u30fc\u3002.<\/p>\n<\/li>\n<li data-start=\"5827\" data-end=\"5867\">\n<p data-start=\"5829\" data-end=\"5867\">\u5206\u6790\u30af\u30c3\u30ad\u30fc\uff08Google Analytics\uff09\u3002.<\/p>\n<\/li>\n<li data-start=\"5868\" data-end=\"5933\">\n<p data-start=\"5870\" data-end=\"5933\">\u57cb\u3081\u8fbc\u307f\u30b3\u30f3\u30c6\u30f3\u30c4\u304c\u8aad\u307f\u8fbc\u307e\u308c\u305f\u5834\u5408\u3001Google\u30de\u30c3\u30d7\u306b\u95a2\u9023\u3059\u308b\u30af\u30c3\u30ad\u30fc\u3002.<\/p>\n<\/li>\n<\/ul>\n<p data-start=\"5935\" data-end=\"6056\">\u5fc5\u9808\u3067\u306a\u3044\u30af\u30c3\u30ad\u30fc\u306f\u3001\u8a2d\u5b9a\u30d0\u30ca\u30fc\u3092\u901a\u3058\u3066\u30e6\u30fc\u30b6\u30fc\u306e\u540c\u610f\u3092\u5f97\u305f\u5f8c\u306b\u306e\u307f\u6709\u52b9\u5316\u3055\u308c\u307e\u3059\u3002.<\/p>\n<p data-start=\"6058\" data-end=\"6134\">\u5229\u7528\u8005\u306f\u3001\u3044\u3064\u3067\u3082\u540c\u610f\u3092\u64a4\u56de\u307e\u305f\u306f\u5909\u66f4\u3059\u308b\u3053\u3068\u304c\u3067\u304d\u307e\u3059\u3002.<\/p>","protected":false},"excerpt":{"rendered":"<p>POL\u00cdTICA DE PRIVACIDAD Y COOKIES Divinas Erotic Massage 1. RESPONSABLE DEL TRATAMIENTO Titular: DO\u00d1A VALENTINA DUMITRACHEDomicilio: Avinguda de Roma 13-15, 08013 BarcelonaTel\u00e9fono: 675 13 08 03Correo electr\u00f3nico: info@divinasmassage.com 2. DATOS PERSONALES QUE SE PUEDEN TRATAR Se podr\u00e1n tratar: Nombre y apellidos (si el usuario los facilita) Tel\u00e9fono Correo electr\u00f3nico Mensajes enviados por WhatsApp u otros canales Direcci\u00f3n IP Datos de navegaci\u00f3n mediante Google Analytics Datos asociados a reservas 3. FINALIDAD DEL TRATAMIENTO Gesti\u00f3n de consultas y reservas. Atenci\u00f3n al cliente. Gesti\u00f3n administrativa interna. An\u00e1lisis estad\u00edstico del uso del sitio. Cumplimiento de obligaciones legales. 4. BASE LEGAL Consentimiento del usuario. Ejecuci\u00f3n de servicio solicitado. Cumplimiento de obligaciones legales. 5. CONSERVACI\u00d3N DE [&hellip;]<\/p>\n","protected":false},"author":1,"featured_media":0,"parent":0,"menu_order":0,"comment_status":"closed","ping_status":"closed","template":"elementor_theme","meta":{"_acf_changed":false,"googlesitekit_rrm_CAowg-jKDA:productID":"","footnotes":""},"class_list":["post-443","page","type-page","status-publish","hentry"],"acf":[],"yoast_head":"<!-- This site is optimized with the Yoast SEO plugin v27.2 - https:\/\/yoast.com\/product\/yoast-seo-wordpress\/ -->\n<title>Pol\u00edtica de privacidad y cookies | Divinas Erotic Massage<\/title>\n<meta name=\"description\" content=\"Pol\u00edtica de privacidad y cookies | Divinas Erotic Massage\" \/>\n<meta name=\"robots\" content=\"index, follow, max-snippet:-1, max-image-preview:large, max-video-preview:-1\" \/>\n<link rel=\"canonical\" href=\"https:\/\/divinasmassage.com\/ja\/\u30d7\u30e9\u30a4\u30d0\u30b7\u30fc\u3068\u30af\u30c3\u30ad\u30fc\/\" \/>\n<meta property=\"og:locale\" content=\"ja_JP\" \/>\n<meta property=\"og:type\" content=\"article\" \/>\n<meta property=\"og:title\" content=\"Pol\u00edtica de privacidad y cookies | Divinas Erotic Massage\" \/>\n<meta property=\"og:description\" content=\"Pol\u00edtica de privacidad y cookies | Divinas Erotic Massage\" \/>\n<meta property=\"og:url\" content=\"https:\/\/divinasmassage.com\/ja\/\u30d7\u30e9\u30a4\u30d0\u30b7\u30fc\u3068\u30af\u30c3\u30ad\u30fc\/\" \/>\n<meta property=\"og:site_name\" content=\"Divinas Erotic Massage\" \/>\n<meta property=\"article:modified_time\" content=\"2026-03-12T10:26:35+00:00\" \/>\n<meta property=\"og:image\" content=\"https:\/\/divinasmassage.com\/wp-content\/uploads\/2026\/02\/DivinasEroticMassage.png\" \/>\n\t<meta property=\"og:image:width\" content=\"816\" \/>\n\t<meta property=\"og:image:height\" content=\"546\" \/>\n\t<meta property=\"og:image:type\" content=\"image\/png\" \/>\n<meta name=\"twitter:card\" content=\"summary_large_image\" \/>\n<meta name=\"twitter:label1\" content=\"\u63a8\u5b9a\u8aad\u307f\u53d6\u308a\u6642\u9593\" \/>\n\t<meta name=\"twitter:data1\" content=\"2\u5206\" \/>\n<script type=\"application\/ld+json\" class=\"yoast-schema-graph\">{\"@context\":\"https:\/\/schema.org\",\"@graph\":[{\"@type\":\"WebPage\",\"@id\":\"https:\/\/divinasmassage.com\/privacidad-y-cookies\/\",\"url\":\"https:\/\/divinasmassage.com\/privacidad-y-cookies\/\",\"name\":\"Pol\u00edtica de privacidad y cookies | Divinas Erotic Massage\",\"isPartOf\":{\"@id\":\"https:\/\/divinasmassage.com\/ja\/#website\"},\"datePublished\":\"2026-02-26T14:27:29+00:00\",\"dateModified\":\"2026-03-12T10:26:35+00:00\",\"description\":\"Pol\u00edtica de privacidad y cookies | Divinas Erotic Massage\",\"breadcrumb\":{\"@id\":\"https:\/\/divinasmassage.com\/privacidad-y-cookies\/#breadcrumb\"},\"inLanguage\":\"ja\",\"potentialAction\":[{\"@type\":\"ReadAction\",\"target\":[\"https:\/\/divinasmassage.com\/privacidad-y-cookies\/\"]}]},{\"@type\":\"BreadcrumbList\",\"@id\":\"https:\/\/divinasmassage.com\/privacidad-y-cookies\/#breadcrumb\",\"itemListElement\":[{\"@type\":\"ListItem\",\"position\":1,\"name\":\"Portada\",\"item\":\"https:\/\/divinasmassage.com\/\"},{\"@type\":\"ListItem\",\"position\":2,\"name\":\"Pol\u00edtica de privacidad y cookies\"}]},{\"@type\":\"WebSite\",\"@id\":\"https:\/\/divinasmassage.com\/ja\/#website\",\"url\":\"https:\/\/divinasmassage.com\/ja\/\",\"name\":\"Divinas Erotic Massage\",\"description\":\"Donde el deseo se transforme en experiencia\",\"publisher\":{\"@id\":\"https:\/\/divinasmassage.com\/ja\/#organization\"},\"alternateName\":\"Divinas Erotic Massage Barcelona\",\"potentialAction\":[{\"@type\":\"SearchAction\",\"target\":{\"@type\":\"EntryPoint\",\"urlTemplate\":\"https:\/\/divinasmassage.com\/ja\/?s={search_term_string}\"},\"query-input\":{\"@type\":\"PropertyValueSpecification\",\"valueRequired\":true,\"valueName\":\"search_term_string\"}}],\"inLanguage\":\"ja\"},{\"@type\":\"Organization\",\"@id\":\"https:\/\/divinasmassage.com\/ja\/#organization\",\"name\":\"Divinas Erotic Massage\",\"alternateName\":\"Divinas Erotic Massage\",\"url\":\"https:\/\/divinasmassage.com\/ja\/\",\"logo\":{\"@type\":\"ImageObject\",\"inLanguage\":\"ja\",\"@id\":\"https:\/\/divinasmassage.com\/ja\/#\/schema\/logo\/image\/\",\"url\":\"https:\/\/divinasmassage.com\/wp-content\/uploads\/2026\/02\/DivinasEroticMassage.png\",\"contentUrl\":\"https:\/\/divinasmassage.com\/wp-content\/uploads\/2026\/02\/DivinasEroticMassage.png\",\"width\":816,\"height\":546,\"caption\":\"Divinas Erotic Massage\"},\"image\":{\"@id\":\"https:\/\/divinasmassage.com\/ja\/#\/schema\/logo\/image\/\"}}]}<\/script>\n<!-- \/ Yoast SEO plugin. -->","yoast_head_json":{"title":"\u30d7\u30e9\u30a4\u30d0\u30b7\u30fc\u3068\u30af\u30c3\u30ad\u30fc\u30dd\u30ea\u30b7\u30fc : Divinas Erotic Massage","description":"\u30d7\u30e9\u30a4\u30d0\u30b7\u30fc\u3068\u30af\u30c3\u30ad\u30fc\u30dd\u30ea\u30b7\u30fc : Divinas Erotic Massage","robots":{"index":"index","follow":"follow","max-snippet":"max-snippet:-1","max-image-preview":"max-image-preview:large","max-video-preview":"max-video-preview:-1"},"canonical":"https:\/\/divinasmassage.com\/ja\/\u30d7\u30e9\u30a4\u30d0\u30b7\u30fc\u3068\u30af\u30c3\u30ad\u30fc\/","og_locale":"ja_JP","og_type":"article","og_title":"Pol\u00edtica de privacidad y cookies | Divinas Erotic Massage","og_description":"Pol\u00edtica de privacidad y cookies | Divinas Erotic Massage","og_url":"https:\/\/divinasmassage.com\/ja\/\u30d7\u30e9\u30a4\u30d0\u30b7\u30fc\u3068\u30af\u30c3\u30ad\u30fc\/","og_site_name":"Divinas Erotic Massage","article_modified_time":"2026-03-12T10:26:35+00:00","og_image":[{"width":816,"height":546,"url":"https:\/\/divinasmassage.com\/wp-content\/uploads\/2026\/02\/DivinasEroticMassage.png","type":"image\/png"}],"twitter_card":"summary_large_image","twitter_misc":{"\u63a8\u5b9a\u8aad\u307f\u53d6\u308a\u6642\u9593":"2\u5206"},"schema":{"@context":"https:\/\/schema.org","@graph":[{"@type":"WebPage","@id":"https:\/\/divinasmassage.com\/privacidad-y-cookies\/","url":"https:\/\/divinasmassage.com\/privacidad-y-cookies\/","name":"\u30d7\u30e9\u30a4\u30d0\u30b7\u30fc\u3068\u30af\u30c3\u30ad\u30fc\u30dd\u30ea\u30b7\u30fc : Divinas Erotic Massage","isPartOf":{"@id":"https:\/\/divinasmassage.com\/ja\/#website"},"datePublished":"2026-02-26T14:27:29+00:00","dateModified":"2026-03-12T10:26:35+00:00","description":"\u30d7\u30e9\u30a4\u30d0\u30b7\u30fc\u3068\u30af\u30c3\u30ad\u30fc\u30dd\u30ea\u30b7\u30fc : Divinas Erotic Massage","breadcrumb":{"@id":"https:\/\/divinasmassage.com\/privacidad-y-cookies\/#breadcrumb"},"inLanguage":"ja","potentialAction":[{"@type":"ReadAction","target":["https:\/\/divinasmassage.com\/privacidad-y-cookies\/"]}]},{"@type":"BreadcrumbList","@id":"https:\/\/divinasmassage.com\/privacidad-y-cookies\/#breadcrumb","itemListElement":[{"@type":"ListItem","position":1,"name":"Portada","item":"https:\/\/divinasmassage.com\/"},{"@type":"ListItem","position":2,"name":"Pol\u00edtica de privacidad y cookies"}]},{"@type":"WebSite","@id":"https:\/\/divinasmassage.com\/ja\/#website","url":"https:\/\/divinasmassage.com\/ja\/","name":"\u30c7\u30a3\u30f4\u30a3\u30ca\u30b9 \u30a8\u30ed\u30c6\u30a3\u30c3\u30af \u30de\u30c3\u30b5\u30fc\u30b8","description":"\u6b32\u671b\u304c\u7d4c\u9a13\u306b\u5909\u308f\u308b\u5834\u6240","publisher":{"@id":"https:\/\/divinasmassage.com\/ja\/#organization"},"alternateName":"Divinas Erotic Massage Barcelona","potentialAction":[{"@type":"SearchAction","target":{"@type":"EntryPoint","urlTemplate":"https:\/\/divinasmassage.com\/ja\/?s={search_term_string}"},"query-input":{"@type":"PropertyValueSpecification","valueRequired":true,"valueName":"search_term_string"}}],"inLanguage":"ja"},{"@type":"Organization","@id":"https:\/\/divinasmassage.com\/ja\/#organization","name":"\u30c7\u30a3\u30f4\u30a3\u30ca\u30b9 \u30a8\u30ed\u30c6\u30a3\u30c3\u30af \u30de\u30c3\u30b5\u30fc\u30b8","alternateName":"Divinas Erotic Massage","url":"https:\/\/divinasmassage.com\/ja\/","logo":{"@type":"ImageObject","inLanguage":"ja","@id":"https:\/\/divinasmassage.com\/ja\/#\/schema\/logo\/image\/","url":"https:\/\/divinasmassage.com\/wp-content\/uploads\/2026\/02\/DivinasEroticMassage.png","contentUrl":"https:\/\/divinasmassage.com\/wp-content\/uploads\/2026\/02\/DivinasEroticMassage.png","width":816,"height":546,"caption":"Divinas Erotic Massage"},"image":{"@id":"https:\/\/divinasmassage.com\/ja\/#\/schema\/logo\/image\/"}}]}},"_links":{"self":[{"href":"https:\/\/divinasmassage.com\/ja\/wp-json\/wp\/v2\/pages\/443","targetHints":{"allow":["GET"]}}],"collection":[{"href":"https:\/\/divinasmassage.com\/ja\/wp-json\/wp\/v2\/pages"}],"about":[{"href":"https:\/\/divinasmassage.com\/ja\/wp-json\/wp\/v2\/types\/page"}],"author":[{"embeddable":true,"href":"https:\/\/divinasmassage.com\/ja\/wp-json\/wp\/v2\/users\/1"}],"replies":[{"embeddable":true,"href":"https:\/\/divinasmassage.com\/ja\/wp-json\/wp\/v2\/comments?post=443"}],"version-history":[{"count":6,"href":"https:\/\/divinasmassage.com\/ja\/wp-json\/wp\/v2\/pages\/443\/revisions"}],"predecessor-version":[{"id":1187,"href":"https:\/\/divinasmassage.com\/ja\/wp-json\/wp\/v2\/pages\/443\/revisions\/1187"}],"wp:attachment":[{"href":"https:\/\/divinasmassage.com\/ja\/wp-json\/wp\/v2\/media?parent=443"}],"curies":[{"name":"wp","href":"https:\/\/api.w.org\/{rel}","templated":true}]}}