{"id":443,"date":"2026-02-26T15:27:29","date_gmt":"2026-02-26T14:27:29","guid":{"rendered":"https:\/\/divinasmassage.com\/politica-de-cookies-ue\/"},"modified":"2026-03-12T11:26:35","modified_gmt":"2026-03-12T10:26:35","slug":"%ea%b0%9c%ec%9d%b8%ec%a0%95%eb%b3%b4-%eb%b0%8f-%ec%bf%a0%ed%82%a4","status":"publish","type":"page","link":"https:\/\/divinasmassage.com\/ko\/privacidad-y-cookies\/","title":{"rendered":"\uac1c\uc778\uc815\ubcf4 \ubcf4\ud638\uc815\ucc45 \ubc0f \ucfe0\ud0a4"},"content":{"rendered":"<h1 data-start=\"3569\" data-end=\"3608\">\uac1c\uc778\uc815\ubcf4 \ubc0f \ucfe0\ud0a4 \uc815\ucc45<\/h1>\n<p data-start=\"3609\" data-end=\"3631\">\ub514\ube44\ub098 \uc5d0\ub85c\ud2f1 \ub9c8\uc0ac\uc9c0<\/p>\n<hr data-start=\"3633\" data-end=\"3636\" \/>\n<h2 data-start=\"3638\" data-end=\"3671\">1. \ub370\uc774\ud130 \ucee8\ud2b8\ub864\ub7ec<\/h2>\n<p data-start=\"3673\" data-end=\"3840\"><strong data-start=\"3673\" data-end=\"3685\">\ud5e4\ub4dc\ub77c\uc778:<\/strong> \ubc1c\ub80c\ud2f0\ub098 \ub450\ubbf8\ud2b8\ub77c\uccb4 \ubd80\uc778<br data-start=\"3721\" data-end=\"3724\" \/><strong data-start=\"3724\" data-end=\"3738\">\uc8fc\uc18c:<\/strong> \uc544\ube59\uad6c\ub2e4 \ub370 \ub85c\ub9c8 13-15, 08013 \ubc14\ub974\uc140\ub85c\ub098, \uc2a4\ud398\uc778<br data-start=\"3778\" data-end=\"3781\" \/><strong data-start=\"3781\" data-end=\"3794\">\uc804\ud654:<\/strong> <strong><a href=\"tel:+34675130803\">675 13 08 03<\/a><\/strong><br data-start=\"3806\" data-end=\"3809\" \/><strong data-start=\"3809\" data-end=\"3832\">\uc774\uba54\uc77c:<\/strong> <a href=\"mailto:info@divinasmassage.com\">info@divinasmassage.com<\/a><\/p>\n<hr data-start=\"3842\" data-end=\"3845\" \/>\n<h2 data-start=\"3847\" data-end=\"3890\">2. \ucc98\ub9ac\ub420 \uc218 \uc788\ub294 \uac1c\uc778 \ub370\uc774\ud130<\/h2>\n<p data-start=\"3892\" data-end=\"3909\">\ub2e4\uc74c \uc0ac\ud56d\uc744 \ud574\uacb0\ud560 \uc218 \uc788\uc2b5\ub2c8\ub2e4:<\/p>\n<ul data-start=\"3911\" data-end=\"4133\">\n<li data-start=\"3911\" data-end=\"3960\">\n<p data-start=\"3913\" data-end=\"3960\">\uc774\ub984 \ubc0f \uc131(\uc0ac\uc6a9\uc790\uac00 \uc81c\uacf5\ud55c \uacbd\uc6b0)<\/p>\n<\/li>\n<li data-start=\"3961\" data-end=\"3971\">\n<p data-start=\"3963\" data-end=\"3971\">\uc804\ud654<\/p>\n<\/li>\n<li data-start=\"3972\" data-end=\"3992\">\n<p data-start=\"3974\" data-end=\"3992\">\uc774\uba54\uc77c \uc8fc\uc18c<\/p>\n<\/li>\n<li data-start=\"3993\" data-end=\"4041\">\n<p data-start=\"3995\" data-end=\"4041\">WhatsApp \ub610\ub294 \uae30\ud0c0 \ucc44\ub110\uc5d0\uc11c \ubcf4\ub0b8 \uba54\uc2dc\uc9c0<\/p>\n<\/li>\n<li data-start=\"4042\" data-end=\"4056\">\n<p data-start=\"4044\" data-end=\"4056\">IP \uc8fc\uc18c<\/p>\n<\/li>\n<li data-start=\"4057\" data-end=\"4104\">\n<p data-start=\"4059\" data-end=\"4104\">Google \uc560\ub110\ub9ac\ud2f1\uc2a4\ub97c \ud1b5\ud55c \ube0c\ub77c\uc6b0\uc9d5 \ub370\uc774\ud130<\/p>\n<\/li>\n<li data-start=\"4105\" data-end=\"4133\">\n<p data-start=\"4107\" data-end=\"4133\">\uc608\uc57d\uacfc \uad00\ub828\ub41c \ub370\uc774\ud130<\/p>\n<\/li>\n<\/ul>\n<hr data-start=\"4135\" data-end=\"4138\" \/>\n<h2 data-start=\"4140\" data-end=\"4171\">3. \ucc98\ub9ac \ubaa9\uc801<\/h2>\n<ul data-start=\"4173\" data-end=\"4346\">\n<li data-start=\"4173\" data-end=\"4207\">\n<p data-start=\"4175\" data-end=\"4207\">\ubb38\uc758 \ubc0f \uc608\uc57d \uad00\ub9ac.<\/p>\n<\/li>\n<li data-start=\"4208\" data-end=\"4230\">\n<p data-start=\"4210\" data-end=\"4230\">\uace0\uac1d \uc11c\ube44\uc2a4.<\/p>\n<\/li>\n<li data-start=\"4231\" data-end=\"4264\">\n<p data-start=\"4233\" data-end=\"4264\">\ub0b4\ubd80 \uad00\ub9ac \uad00\ub9ac.<\/p>\n<\/li>\n<li data-start=\"4265\" data-end=\"4306\">\n<p data-start=\"4267\" data-end=\"4306\">\uc0ac\uc774\ud2b8 \uc0ac\uc6a9\ub7c9\uc5d0 \ub300\ud55c \ud1b5\uacc4 \ubd84\uc11d.<\/p>\n<\/li>\n<li data-start=\"4307\" data-end=\"4346\">\n<p data-start=\"4309\" data-end=\"4346\">\ubc95\uc801 \uc758\ubb34 \uc900\uc218.<\/p>\n<\/li>\n<\/ul>\n<hr data-start=\"4348\" data-end=\"4351\" \/>\n<h2 data-start=\"4353\" data-end=\"4369\">4. \ubc95\uc801 \uadfc\uac70<\/h2>\n<ul data-start=\"4371\" data-end=\"4476\">\n<li data-start=\"4371\" data-end=\"4400\">\n<p data-start=\"4373\" data-end=\"4400\">\uc0ac\uc6a9\uc790 \ub3d9\uc758.<\/p>\n<\/li>\n<li data-start=\"4401\" data-end=\"4436\">\n<p data-start=\"4403\" data-end=\"4436\">\uc694\uccad\ub41c \uc11c\ube44\uc2a4 \uc2e4\ud589.<\/p>\n<\/li>\n<li data-start=\"4437\" data-end=\"4476\">\n<p data-start=\"4439\" data-end=\"4476\">\ubc95\uc801 \uc758\ubb34 \uc900\uc218.<\/p>\n<\/li>\n<\/ul>\n<hr data-start=\"4478\" data-end=\"4481\" \/>\n<h2 data-start=\"4483\" data-end=\"4510\">5. \ub370\uc774\ud130 \ubcf4\uc874<\/h2>\n<p data-start=\"4512\" data-end=\"4537\">\ub370\uc774\ud130\ub294 \uc720\uc9c0\ub429\ub2c8\ub2e4:<\/p>\n<ul data-start=\"4539\" data-end=\"4634\">\n<li data-start=\"4539\" data-end=\"4591\">\n<p data-start=\"4541\" data-end=\"4591\">\uad00\uacc4\ub97c \uad00\ub9ac\ud558\ub294 \ub370 \ud544\uc694\ud55c \uae30\uac04 \ub3d9\uc548\ub9cc \uac00\ub2a5\ud569\ub2c8\ub2e4.<\/p>\n<\/li>\n<li data-start=\"4592\" data-end=\"4634\">\n<p data-start=\"4594\" data-end=\"4634\">\ubc95\uc801\uc73c\ub85c \uac15\uc81c\ud560 \uc218 \uc788\ub294 \uae30\ud55c \ub3d9\uc548.<\/p>\n<\/li>\n<\/ul>\n<hr data-start=\"4636\" data-end=\"4639\" \/>\n<h2 data-start=\"4641\" data-end=\"4672\">6. \uc804\ubb38\uac00 \uc774\ubbf8\uc9c0<\/h2>\n<p data-start=\"4674\" data-end=\"4756\">\uc6f9\uc0ac\uc774\ud2b8\uc5d0 \uac8c\uc2dc\ub41c \uc804\ubb38\uac00\ub4e4\uc758 \uc774\ubbf8\uc9c0\uc640 \uc608\uc220\uac00 \uc774\ub984:<\/p>\n<ul data-start=\"4758\" data-end=\"4866\">\n<li data-start=\"4758\" data-end=\"4791\">\n<p data-start=\"4760\" data-end=\"4791\">\ub3d9\uc758\ud558\uc5d0 \uc0ac\uc6a9\ub429\ub2c8\ub2e4.<\/p>\n<\/li>\n<li data-start=\"4792\" data-end=\"4823\">\n<p data-start=\"4794\" data-end=\"4823\">\ud64d\ubcf4\uc6a9\uc785\ub2c8\ub2e4.<\/p>\n<\/li>\n<li data-start=\"4824\" data-end=\"4866\">\n<p data-start=\"4826\" data-end=\"4866\">\uc81c3\uc790\uac00 \uc7ac\uc0ac\uc6a9\ud560 \uc218 \uc5c6\uc2b5\ub2c8\ub2e4.<\/p>\n<\/li>\n<\/ul>\n<p data-start=\"4868\" data-end=\"5013\">\uc804\ubb38\uac00\ub294 \uc2dc\ud589 \uc911\uc778 \uaddc\uc815\uc5d0 \ub530\ub77c \uc5b8\uc81c\ub4e0\uc9c0 \uc790\uc2e0\uc758 \uc774\ubbf8\uc9c0\uc5d0 \ub300\ud55c \uc561\uc138\uc2a4, \uc218\uc815 \ub610\ub294 \ucca0\ud68c \uad8c\ub9ac\ub97c \ud589\uc0ac\ud560 \uc218 \uc788\uc2b5\ub2c8\ub2e4.<\/p>\n<hr data-start=\"5015\" data-end=\"5018\" \/>\n<h2 data-start=\"5020\" data-end=\"5039\">7. \ubaa9\ud45c<\/h2>\n<p data-start=\"5041\" data-end=\"5095\">\ubc95\uc801 \uc758\ubb34\uac00 \uc5c6\ub294 \ud55c \uc5b4\ub5a0\ud55c \ub370\uc774\ud130\ub3c4 \uc81c3\uc790\uc5d0\uac8c \uc804\ub2ec\ub418\uc9c0 \uc54a\uc2b5\ub2c8\ub2e4.<\/p>\n<p data-start=\"5097\" data-end=\"5146\">\ucc98\ub9ac\uc790 \uc5ed\ud560\uc744 \ud560 \uc218 \uc788\uc2b5\ub2c8\ub2e4:<\/p>\n<ul data-start=\"5148\" data-end=\"5236\">\n<li data-start=\"5148\" data-end=\"5170\">\n<p data-start=\"5150\" data-end=\"5170\">\ud638\uc2a4\ud305 \uc81c\uacf5\uc5c5\uccb4<\/p>\n<\/li>\n<li data-start=\"5171\" data-end=\"5203\">\n<p data-start=\"5173\" data-end=\"5203\">\uc6f9 \uc720\uc9c0 \uad00\ub9ac \uc11c\ube44\uc2a4<\/p>\n<\/li>\n<li data-start=\"5204\" data-end=\"5222\">\n<p data-start=\"5206\" data-end=\"5222\">Google \uc560\ub110\ub9ac\ud2f1\uc2a4<\/p>\n<\/li>\n<li data-start=\"5223\" data-end=\"5236\">\n<p data-start=\"5225\" data-end=\"5236\">Google \uc9c0\ub3c4<\/p>\n<\/li>\n<\/ul>\n<hr data-start=\"5238\" data-end=\"5241\" \/>\n<h2 data-start=\"5243\" data-end=\"5279\">8. \uad6d\uc81c \uc1a1\uae08<\/h2>\n<p data-start=\"5281\" data-end=\"5448\">\uc720\ub7fd\uacbd\uc81c\uc9c0\uc5ed \uc678\ubd80\uc5d0 \uc704\uce58\ud55c Google \ub610\ub294 \uae30\ud0c0 \uc81c\uacf5\uc5c5\uccb4\uc758 \uc11c\ube44\uc2a4\ub97c \uc774\uc6a9\ud558\ub294 \uacbd\uc6b0, \ubc95\ub960\uc5d0\uc11c \uc81c\uacf5\ud558\ub294 \uc801\uc808\ud55c \ubcf4\ud638\uc870\uce58\uac00 \uc801\uc6a9\ub429\ub2c8\ub2e4.<\/p>\n<hr data-start=\"5450\" data-end=\"5453\" \/>\n<h2 data-start=\"5455\" data-end=\"5481\">9. \uc0ac\uc6a9\uc790 \uad8c\ub9ac<\/h2>\n<p data-start=\"5483\" data-end=\"5524\">\uc0ac\uc6a9\uc790\ub294 \ub2e4\uc74c\uacfc \uac19\uc740 \uad8c\ub9ac\ub97c \ud589\uc0ac\ud560 \uc218 \uc788\uc2b5\ub2c8\ub2e4:<\/p>\n<ul data-start=\"5526\" data-end=\"5602\">\n<li data-start=\"5526\" data-end=\"5534\">\n<p data-start=\"5528\" data-end=\"5534\">\uc561\uc138\uc2a4<\/p>\n<\/li>\n<li data-start=\"5535\" data-end=\"5550\">\n<p data-start=\"5537\" data-end=\"5550\">\uc218\uc815<\/p>\n<\/li>\n<li data-start=\"5551\" data-end=\"5562\">\n<p data-start=\"5553\" data-end=\"5562\">\uc5b5\uc81c<\/p>\n<\/li>\n<li data-start=\"5563\" data-end=\"5574\">\n<p data-start=\"5565\" data-end=\"5574\">\ubc18\ub300<\/p>\n<\/li>\n<li data-start=\"5575\" data-end=\"5587\">\n<p data-start=\"5577\" data-end=\"5587\">\uc81c\ud55c \uc0ac\ud56d<\/p>\n<\/li>\n<li data-start=\"5588\" data-end=\"5602\">\n<p data-start=\"5590\" data-end=\"5602\">\ud734\ub300\uc131<\/p>\n<\/li>\n<\/ul>\n<p data-start=\"5604\" data-end=\"5657\">\ud45c\uc2dc\ub41c \uc774\uba54\uc77c \uc8fc\uc18c\ub85c \uc5f0\ub77d\uc744 \ucde8\ud569\ub2c8\ub2e4.<\/p>\n<p data-start=\"5659\" data-end=\"5757\">\ub610\ud55c \uc2a4\ud398\uc778 \ub370\uc774\ud130 \ubcf4\ud638 \uae30\uad00(Agencia Espa\u00f1ola de Protecci\u00f3n de Datos)\uc5d0 \ubd88\ub9cc\uc744 \uc81c\uae30\ud560 \uc218\ub3c4 \uc788\uc2b5\ub2c8\ub2e4.<a class=\"decorated-link\" href=\"http:\/\/www.aepd.es\" target=\"_new\" rel=\"noopener\" data-start=\"5744\" data-end=\"5755\">www.aepd.es<\/a>).<\/p>\n<hr data-start=\"5759\" data-end=\"5762\" \/>\n<h1 data-start=\"5764\" data-end=\"5773\">\ucfe0\ud0a4<\/h1>\n<p data-start=\"5775\" data-end=\"5794\">\uc774 \uc0ac\uc774\ud2b8\ub294 \ub2e4\uc74c\uc744 \uc0ac\uc6a9\ud569\ub2c8\ub2e4:<\/p>\n<ul data-start=\"5796\" data-end=\"5933\">\n<li data-start=\"5796\" data-end=\"5826\">\n<p data-start=\"5798\" data-end=\"5826\">\ud544\uc694\ud55c \uae30\uc220 \ucfe0\ud0a4.<\/p>\n<\/li>\n<li data-start=\"5827\" data-end=\"5867\">\n<p data-start=\"5829\" data-end=\"5867\">\ubd84\uc11d \ucfe0\ud0a4(Google \uc560\ub110\ub9ac\ud2f1\uc2a4).<\/p>\n<\/li>\n<li data-start=\"5868\" data-end=\"5933\">\n<p data-start=\"5870\" data-end=\"5933\">\uc784\ubca0\ub514\ub4dc \ucf58\ud150\uce20\uac00 \ub85c\ub4dc\ub41c \uacbd\uc6b0 Google \uc9c0\ub3c4\uc640 \uad00\ub828\ub41c \ucfe0\ud0a4.<\/p>\n<\/li>\n<\/ul>\n<p data-start=\"5935\" data-end=\"6056\">\ud544\uc218 \ucfe0\ud0a4\uac00 \uc544\ub2cc \ucfe0\ud0a4\ub294 \uc124\uc815 \ubc30\ub108\ub97c \ud1b5\ud574 \uc0ac\uc6a9\uc790\uc758 \ub3d9\uc758\ub97c \uc5bb\uc740 \ud6c4\uc5d0\ub9cc \ud65c\uc131\ud654\ub429\ub2c8\ub2e4.<\/p>\n<p data-start=\"6058\" data-end=\"6134\">\uc0ac\uc6a9\uc790\ub294 \uc5b8\uc81c\ub4e0\uc9c0 \ub3d9\uc758\ub97c \ucca0\ud68c\ud558\uac70\ub098 \uc218\uc815\ud560 \uc218 \uc788\uc2b5\ub2c8\ub2e4.<\/p>","protected":false},"excerpt":{"rendered":"<p>POL\u00cdTICA DE PRIVACIDAD Y COOKIES Divinas Erotic Massage 1. RESPONSABLE DEL TRATAMIENTO Titular: DO\u00d1A VALENTINA DUMITRACHEDomicilio: Avinguda de Roma 13-15, 08013 BarcelonaTel\u00e9fono: 675 13 08 03Correo electr\u00f3nico: info@divinasmassage.com 2. DATOS PERSONALES QUE SE PUEDEN TRATAR Se podr\u00e1n tratar: Nombre y apellidos (si el usuario los facilita) Tel\u00e9fono Correo electr\u00f3nico Mensajes enviados por WhatsApp u otros [&hellip;]<\/p>\n","protected":false},"author":1,"featured_media":0,"parent":0,"menu_order":0,"comment_status":"closed","ping_status":"closed","template":"elementor_theme","meta":{"_acf_changed":false,"googlesitekit_rrm_CAowg-jKDA:productID":"","footnotes":""},"class_list":["post-443","page","type-page","status-publish","hentry"],"acf":[],"yoast_head":"<!-- This site is optimized with the Yoast SEO plugin v27.2 - https:\/\/yoast.com\/product\/yoast-seo-wordpress\/ -->\n<title>Pol\u00edtica de privacidad y cookies | Divinas Erotic Massage<\/title>\n<meta name=\"description\" content=\"Pol\u00edtica de privacidad y cookies | Divinas Erotic Massage\" \/>\n<meta name=\"robots\" content=\"index, follow, max-snippet:-1, max-image-preview:large, max-video-preview:-1\" \/>\n<link rel=\"canonical\" href=\"https:\/\/divinasmassage.com\/ko\/\uac1c\uc778\uc815\ubcf4-\ubc0f-\ucfe0\ud0a4\/\" \/>\n<meta property=\"og:locale\" content=\"ko_KR\" \/>\n<meta property=\"og:type\" content=\"article\" \/>\n<meta property=\"og:title\" content=\"Pol\u00edtica de privacidad y cookies | Divinas Erotic Massage\" \/>\n<meta property=\"og:description\" content=\"Pol\u00edtica de privacidad y cookies | Divinas Erotic Massage\" \/>\n<meta property=\"og:url\" content=\"https:\/\/divinasmassage.com\/ko\/\uac1c\uc778\uc815\ubcf4-\ubc0f-\ucfe0\ud0a4\/\" \/>\n<meta property=\"og:site_name\" content=\"Divinas Erotic Massage\" \/>\n<meta property=\"article:modified_time\" content=\"2026-03-12T10:26:35+00:00\" \/>\n<meta property=\"og:image\" content=\"https:\/\/divinasmassage.com\/wp-content\/uploads\/2026\/02\/DivinasEroticMassage.png\" \/>\n\t<meta property=\"og:image:width\" content=\"816\" \/>\n\t<meta property=\"og:image:height\" content=\"546\" \/>\n\t<meta property=\"og:image:type\" content=\"image\/png\" \/>\n<meta name=\"twitter:card\" content=\"summary_large_image\" \/>\n<meta name=\"twitter:label1\" content=\"\uc608\uc0c1 \ub418\ub294 \ud310\ub3c5 \uc2dc\uac04\" \/>\n\t<meta name=\"twitter:data1\" content=\"2\ubd84\" \/>\n<script type=\"application\/ld+json\" class=\"yoast-schema-graph\">{\"@context\":\"https:\/\/schema.org\",\"@graph\":[{\"@type\":\"WebPage\",\"@id\":\"https:\/\/divinasmassage.com\/privacidad-y-cookies\/\",\"url\":\"https:\/\/divinasmassage.com\/privacidad-y-cookies\/\",\"name\":\"Pol\u00edtica de privacidad y cookies | Divinas Erotic Massage\",\"isPartOf\":{\"@id\":\"https:\/\/divinasmassage.com\/ja\/#website\"},\"datePublished\":\"2026-02-26T14:27:29+00:00\",\"dateModified\":\"2026-03-12T10:26:35+00:00\",\"description\":\"Pol\u00edtica de privacidad y cookies | Divinas Erotic Massage\",\"breadcrumb\":{\"@id\":\"https:\/\/divinasmassage.com\/privacidad-y-cookies\/#breadcrumb\"},\"inLanguage\":\"ko-KR\",\"potentialAction\":[{\"@type\":\"ReadAction\",\"target\":[\"https:\/\/divinasmassage.com\/privacidad-y-cookies\/\"]}]},{\"@type\":\"BreadcrumbList\",\"@id\":\"https:\/\/divinasmassage.com\/privacidad-y-cookies\/#breadcrumb\",\"itemListElement\":[{\"@type\":\"ListItem\",\"position\":1,\"name\":\"Portada\",\"item\":\"https:\/\/divinasmassage.com\/\"},{\"@type\":\"ListItem\",\"position\":2,\"name\":\"Pol\u00edtica de privacidad y cookies\"}]},{\"@type\":\"WebSite\",\"@id\":\"https:\/\/divinasmassage.com\/ja\/#website\",\"url\":\"https:\/\/divinasmassage.com\/ja\/\",\"name\":\"Divinas Erotic Massage\",\"description\":\"Donde el deseo se transforme en experiencia\",\"publisher\":{\"@id\":\"https:\/\/divinasmassage.com\/ja\/#organization\"},\"alternateName\":\"Divinas Erotic Massage Barcelona\",\"potentialAction\":[{\"@type\":\"SearchAction\",\"target\":{\"@type\":\"EntryPoint\",\"urlTemplate\":\"https:\/\/divinasmassage.com\/ja\/?s={search_term_string}\"},\"query-input\":{\"@type\":\"PropertyValueSpecification\",\"valueRequired\":true,\"valueName\":\"search_term_string\"}}],\"inLanguage\":\"ko-KR\"},{\"@type\":\"Organization\",\"@id\":\"https:\/\/divinasmassage.com\/ja\/#organization\",\"name\":\"Divinas Erotic Massage\",\"alternateName\":\"Divinas Erotic Massage\",\"url\":\"https:\/\/divinasmassage.com\/ja\/\",\"logo\":{\"@type\":\"ImageObject\",\"inLanguage\":\"ko-KR\",\"@id\":\"https:\/\/divinasmassage.com\/ja\/#\/schema\/logo\/image\/\",\"url\":\"https:\/\/divinasmassage.com\/wp-content\/uploads\/2026\/02\/DivinasEroticMassage.png\",\"contentUrl\":\"https:\/\/divinasmassage.com\/wp-content\/uploads\/2026\/02\/DivinasEroticMassage.png\",\"width\":816,\"height\":546,\"caption\":\"Divinas Erotic Massage\"},\"image\":{\"@id\":\"https:\/\/divinasmassage.com\/ja\/#\/schema\/logo\/image\/\"}}]}<\/script>\n<!-- \/ Yoast SEO plugin. -->","yoast_head_json":{"title":"\uac1c\uc778\uc815\ubcf4 \ubc0f \ucfe0\ud0a4 \uc815\ucc45 : \ub514\ube44\ub098\uc2a4 \uc5d0\ub85c\ud2f1 \ub9c8\uc0ac\uc9c0","description":"\uac1c\uc778\uc815\ubcf4 \ubc0f \ucfe0\ud0a4 \uc815\ucc45 : \ub514\ube44\ub098\uc2a4 \uc5d0\ub85c\ud2f1 \ub9c8\uc0ac\uc9c0","robots":{"index":"index","follow":"follow","max-snippet":"max-snippet:-1","max-image-preview":"max-image-preview:large","max-video-preview":"max-video-preview:-1"},"canonical":"https:\/\/divinasmassage.com\/ko\/\uac1c\uc778\uc815\ubcf4-\ubc0f-\ucfe0\ud0a4\/","og_locale":"ko_KR","og_type":"article","og_title":"Pol\u00edtica de privacidad y cookies | Divinas Erotic Massage","og_description":"Pol\u00edtica de privacidad y cookies | Divinas Erotic Massage","og_url":"https:\/\/divinasmassage.com\/ko\/\uac1c\uc778\uc815\ubcf4-\ubc0f-\ucfe0\ud0a4\/","og_site_name":"Divinas Erotic Massage","article_modified_time":"2026-03-12T10:26:35+00:00","og_image":[{"width":816,"height":546,"url":"https:\/\/divinasmassage.com\/wp-content\/uploads\/2026\/02\/DivinasEroticMassage.png","type":"image\/png"}],"twitter_card":"summary_large_image","twitter_misc":{"\uc608\uc0c1 \ub418\ub294 \ud310\ub3c5 \uc2dc\uac04":"2\ubd84"},"schema":{"@context":"https:\/\/schema.org","@graph":[{"@type":"WebPage","@id":"https:\/\/divinasmassage.com\/privacidad-y-cookies\/","url":"https:\/\/divinasmassage.com\/privacidad-y-cookies\/","name":"\uac1c\uc778\uc815\ubcf4 \ubc0f \ucfe0\ud0a4 \uc815\ucc45 : \ub514\ube44\ub098\uc2a4 \uc5d0\ub85c\ud2f1 \ub9c8\uc0ac\uc9c0","isPartOf":{"@id":"https:\/\/divinasmassage.com\/ja\/#website"},"datePublished":"2026-02-26T14:27:29+00:00","dateModified":"2026-03-12T10:26:35+00:00","description":"\uac1c\uc778\uc815\ubcf4 \ubc0f \ucfe0\ud0a4 \uc815\ucc45 : \ub514\ube44\ub098\uc2a4 \uc5d0\ub85c\ud2f1 \ub9c8\uc0ac\uc9c0","breadcrumb":{"@id":"https:\/\/divinasmassage.com\/privacidad-y-cookies\/#breadcrumb"},"inLanguage":"ko-KR","potentialAction":[{"@type":"ReadAction","target":["https:\/\/divinasmassage.com\/privacidad-y-cookies\/"]}]},{"@type":"BreadcrumbList","@id":"https:\/\/divinasmassage.com\/privacidad-y-cookies\/#breadcrumb","itemListElement":[{"@type":"ListItem","position":1,"name":"Portada","item":"https:\/\/divinasmassage.com\/"},{"@type":"ListItem","position":2,"name":"Pol\u00edtica de privacidad y cookies"}]},{"@type":"WebSite","@id":"https:\/\/divinasmassage.com\/ja\/#website","url":"https:\/\/divinasmassage.com\/ja\/","name":"\ub514\ube44\ub098 \uc5d0\ub85c\ud2f1 \ub9c8\uc0ac\uc9c0","description":"\uc695\ub9dd\uc774 \uacbd\ud5d8\uc73c\ub85c \uc804\ud658\ub418\ub294 \uacf3","publisher":{"@id":"https:\/\/divinasmassage.com\/ja\/#organization"},"alternateName":"Divinas Erotic Massage Barcelona","potentialAction":[{"@type":"SearchAction","target":{"@type":"EntryPoint","urlTemplate":"https:\/\/divinasmassage.com\/ja\/?s={search_term_string}"},"query-input":{"@type":"PropertyValueSpecification","valueRequired":true,"valueName":"search_term_string"}}],"inLanguage":"ko-KR"},{"@type":"Organization","@id":"https:\/\/divinasmassage.com\/ja\/#organization","name":"\ub514\ube44\ub098 \uc5d0\ub85c\ud2f1 \ub9c8\uc0ac\uc9c0","alternateName":"Divinas Erotic Massage","url":"https:\/\/divinasmassage.com\/ja\/","logo":{"@type":"ImageObject","inLanguage":"ko-KR","@id":"https:\/\/divinasmassage.com\/ja\/#\/schema\/logo\/image\/","url":"https:\/\/divinasmassage.com\/wp-content\/uploads\/2026\/02\/DivinasEroticMassage.png","contentUrl":"https:\/\/divinasmassage.com\/wp-content\/uploads\/2026\/02\/DivinasEroticMassage.png","width":816,"height":546,"caption":"Divinas Erotic Massage"},"image":{"@id":"https:\/\/divinasmassage.com\/ja\/#\/schema\/logo\/image\/"}}]}},"_links":{"self":[{"href":"https:\/\/divinasmassage.com\/ko\/wp-json\/wp\/v2\/pages\/443","targetHints":{"allow":["GET"]}}],"collection":[{"href":"https:\/\/divinasmassage.com\/ko\/wp-json\/wp\/v2\/pages"}],"about":[{"href":"https:\/\/divinasmassage.com\/ko\/wp-json\/wp\/v2\/types\/page"}],"author":[{"embeddable":true,"href":"https:\/\/divinasmassage.com\/ko\/wp-json\/wp\/v2\/users\/1"}],"replies":[{"embeddable":true,"href":"https:\/\/divinasmassage.com\/ko\/wp-json\/wp\/v2\/comments?post=443"}],"version-history":[{"count":6,"href":"https:\/\/divinasmassage.com\/ko\/wp-json\/wp\/v2\/pages\/443\/revisions"}],"predecessor-version":[{"id":1187,"href":"https:\/\/divinasmassage.com\/ko\/wp-json\/wp\/v2\/pages\/443\/revisions\/1187"}],"wp:attachment":[{"href":"https:\/\/divinasmassage.com\/ko\/wp-json\/wp\/v2\/media?parent=443"}],"curies":[{"name":"wp","href":"https:\/\/api.w.org\/{rel}","templated":true}]}}