{"id":443,"date":"2026-02-26T15:27:29","date_gmt":"2026-02-26T14:27:29","guid":{"rendered":"https:\/\/divinasmassage.com\/politica-de-cookies-ue\/"},"modified":"2026-03-12T11:26:35","modified_gmt":"2026-03-12T10:26:35","slug":"privacy-en-cookies","status":"publish","type":"page","link":"https:\/\/divinasmassage.com\/nl\/privacidad-y-cookies\/","title":{"rendered":"Privacybeleid en cookies"},"content":{"rendered":"<h1 data-start=\"3569\" data-end=\"3608\">PRIVACY- EN COOKIEBELEID<\/h1>\n<p data-start=\"3609\" data-end=\"3631\">Divinas Erotische Massage<\/p>\n<hr data-start=\"3633\" data-end=\"3636\" \/>\n<h2 data-start=\"3638\" data-end=\"3671\">1. GEGEVENSBEHEERDER<\/h2>\n<p data-start=\"3673\" data-end=\"3840\"><strong data-start=\"3673\" data-end=\"3685\">Headline:<\/strong> MEVROUW VALENTINA DUMITRACHE<br data-start=\"3721\" data-end=\"3724\" \/><strong data-start=\"3724\" data-end=\"3738\">Adres:<\/strong> Avinguda de Roma 13-15, 08013 Barcelona<br data-start=\"3778\" data-end=\"3781\" \/><strong data-start=\"3781\" data-end=\"3794\">Telefoon:<\/strong> <strong><a href=\"tel:+34675130803\">675 13 08 03<\/a><\/strong><br data-start=\"3806\" data-end=\"3809\" \/><strong data-start=\"3809\" data-end=\"3832\">E-mail:<\/strong> <a href=\"mailto:info@divinasmassage.com\">info@divinasmassage.com<\/a><\/p>\n<hr data-start=\"3842\" data-end=\"3845\" \/>\n<h2 data-start=\"3847\" data-end=\"3890\">2. PERSOONSGEGEVENS DIE KUNNEN WORDEN VERWERKT<\/h2>\n<p data-start=\"3892\" data-end=\"3909\">Het volgende kan aan de orde komen:<\/p>\n<ul data-start=\"3911\" data-end=\"4133\">\n<li data-start=\"3911\" data-end=\"3960\">\n<p data-start=\"3913\" data-end=\"3960\">Naam en achternaam (indien verstrekt door de gebruiker)<\/p>\n<\/li>\n<li data-start=\"3961\" data-end=\"3971\">\n<p data-start=\"3963\" data-end=\"3971\">Telefoon<\/p>\n<\/li>\n<li data-start=\"3972\" data-end=\"3992\">\n<p data-start=\"3974\" data-end=\"3992\">E-mailadres<\/p>\n<\/li>\n<li data-start=\"3993\" data-end=\"4041\">\n<p data-start=\"3995\" data-end=\"4041\">Berichten verzonden door WhatsApp of andere kanalen<\/p>\n<\/li>\n<li data-start=\"4042\" data-end=\"4056\">\n<p data-start=\"4044\" data-end=\"4056\">IP-adres<\/p>\n<\/li>\n<li data-start=\"4057\" data-end=\"4104\">\n<p data-start=\"4059\" data-end=\"4104\">Browsergegevens via Google Analytics<\/p>\n<\/li>\n<li data-start=\"4105\" data-end=\"4133\">\n<p data-start=\"4107\" data-end=\"4133\">Gegevens in verband met reserveringen<\/p>\n<\/li>\n<\/ul>\n<hr data-start=\"4135\" data-end=\"4138\" \/>\n<h2 data-start=\"4140\" data-end=\"4171\">3. DOEL VAN DE VERWERKING<\/h2>\n<ul data-start=\"4173\" data-end=\"4346\">\n<li data-start=\"4173\" data-end=\"4207\">\n<p data-start=\"4175\" data-end=\"4207\">Beheer van aanvragen en boekingen.<\/p>\n<\/li>\n<li data-start=\"4208\" data-end=\"4230\">\n<p data-start=\"4210\" data-end=\"4230\">Klantenservice.<\/p>\n<\/li>\n<li data-start=\"4231\" data-end=\"4264\">\n<p data-start=\"4233\" data-end=\"4264\">Intern administratief beheer.<\/p>\n<\/li>\n<li data-start=\"4265\" data-end=\"4306\">\n<p data-start=\"4267\" data-end=\"4306\">Statistische analyse van sitegebruik.<\/p>\n<\/li>\n<li data-start=\"4307\" data-end=\"4346\">\n<p data-start=\"4309\" data-end=\"4346\">Voldoen aan wettelijke verplichtingen.<\/p>\n<\/li>\n<\/ul>\n<hr data-start=\"4348\" data-end=\"4351\" \/>\n<h2 data-start=\"4353\" data-end=\"4369\">4. WETTELIJKE BASIS<\/h2>\n<ul data-start=\"4371\" data-end=\"4476\">\n<li data-start=\"4371\" data-end=\"4400\">\n<p data-start=\"4373\" data-end=\"4400\">Toestemming van de gebruiker.<\/p>\n<\/li>\n<li data-start=\"4401\" data-end=\"4436\">\n<p data-start=\"4403\" data-end=\"4436\">Uitvoering van de aangevraagde service.<\/p>\n<\/li>\n<li data-start=\"4437\" data-end=\"4476\">\n<p data-start=\"4439\" data-end=\"4476\">Voldoen aan wettelijke verplichtingen.<\/p>\n<\/li>\n<\/ul>\n<hr data-start=\"4478\" data-end=\"4481\" \/>\n<h2 data-start=\"4483\" data-end=\"4510\">5. BEWAARNEMING VAN GEGEVENS<\/h2>\n<p data-start=\"4512\" data-end=\"4537\">De gegevens worden bewaard:<\/p>\n<ul data-start=\"4539\" data-end=\"4634\">\n<li data-start=\"4539\" data-end=\"4591\">\n<p data-start=\"4541\" data-end=\"4591\">Zo lang als nodig is om de relatie te beheren.<\/p>\n<\/li>\n<li data-start=\"4592\" data-end=\"4634\">\n<p data-start=\"4594\" data-end=\"4634\">Tijdens de wettelijk afdwingbare deadlines.<\/p>\n<\/li>\n<\/ul>\n<hr data-start=\"4636\" data-end=\"4639\" \/>\n<h2 data-start=\"4641\" data-end=\"4672\">6. BEELDEN VAN PROFESSIONALS<\/h2>\n<p data-start=\"4674\" data-end=\"4756\">De afbeeldingen en artistieke namen van de professionals die op de website worden gepubliceerd:<\/p>\n<ul data-start=\"4758\" data-end=\"4866\">\n<li data-start=\"4758\" data-end=\"4791\">\n<p data-start=\"4760\" data-end=\"4791\">Ze worden met toestemming gebruikt.<\/p>\n<\/li>\n<li data-start=\"4792\" data-end=\"4823\">\n<p data-start=\"4794\" data-end=\"4823\">Ze zijn voor promotionele doeleinden.<\/p>\n<\/li>\n<li data-start=\"4824\" data-end=\"4866\">\n<p data-start=\"4826\" data-end=\"4866\">Ze mogen niet worden hergebruikt door derden.<\/p>\n<\/li>\n<\/ul>\n<p data-start=\"4868\" data-end=\"5013\">Professionals kunnen te allen tijde hun recht op toegang, rectificatie of verwijdering van hun afbeelding uitoefenen in overeenstemming met de geldende regelgeving.<\/p>\n<hr data-start=\"5015\" data-end=\"5018\" \/>\n<h2 data-start=\"5020\" data-end=\"5039\">7. DOEL<\/h2>\n<p data-start=\"5041\" data-end=\"5095\">Er worden geen gegevens doorgegeven aan derden, tenzij dit wettelijk verplicht is.<\/p>\n<p data-start=\"5097\" data-end=\"5146\">Ze kunnen optreden als verwerkers:<\/p>\n<ul data-start=\"5148\" data-end=\"5236\">\n<li data-start=\"5148\" data-end=\"5170\">\n<p data-start=\"5150\" data-end=\"5170\">Hostingprovider<\/p>\n<\/li>\n<li data-start=\"5171\" data-end=\"5203\">\n<p data-start=\"5173\" data-end=\"5203\">Diensten voor webonderhoud<\/p>\n<\/li>\n<li data-start=\"5204\" data-end=\"5222\">\n<p data-start=\"5206\" data-end=\"5222\">Google Analytics<\/p>\n<\/li>\n<li data-start=\"5223\" data-end=\"5236\">\n<p data-start=\"5225\" data-end=\"5236\">Google-kaarten<\/p>\n<\/li>\n<\/ul>\n<hr data-start=\"5238\" data-end=\"5241\" \/>\n<h2 data-start=\"5243\" data-end=\"5279\">8. INTERNATIONALE OVERBOEKINGEN<\/h2>\n<p data-start=\"5281\" data-end=\"5448\">In het geval van gebruik van diensten van Google of andere aanbieders buiten de Europese Economische Ruimte, zullen de toepasselijke wettelijke garanties van toepassing zijn.<\/p>\n<hr data-start=\"5450\" data-end=\"5453\" \/>\n<h2 data-start=\"5455\" data-end=\"5481\">9. GEBRUIKERSRECHTEN<\/h2>\n<p data-start=\"5483\" data-end=\"5524\">De Gebruiker kan zijn of haar rechten uitoefenen om:<\/p>\n<ul data-start=\"5526\" data-end=\"5602\">\n<li data-start=\"5526\" data-end=\"5534\">\n<p data-start=\"5528\" data-end=\"5534\">Toegang<\/p>\n<\/li>\n<li data-start=\"5535\" data-end=\"5550\">\n<p data-start=\"5537\" data-end=\"5550\">Correctie<\/p>\n<\/li>\n<li data-start=\"5551\" data-end=\"5562\">\n<p data-start=\"5553\" data-end=\"5562\">Onderdrukking<\/p>\n<\/li>\n<li data-start=\"5563\" data-end=\"5574\">\n<p data-start=\"5565\" data-end=\"5574\">Oppositie<\/p>\n<\/li>\n<li data-start=\"5575\" data-end=\"5587\">\n<p data-start=\"5577\" data-end=\"5587\">Beperking<\/p>\n<\/li>\n<li data-start=\"5588\" data-end=\"5602\">\n<p data-start=\"5590\" data-end=\"5602\">Draagbaarheid<\/p>\n<\/li>\n<\/ul>\n<p data-start=\"5604\" data-end=\"5657\">Door middel van communicatie naar het opgegeven e-mailadres.<\/p>\n<p data-start=\"5659\" data-end=\"5757\">Je kunt ook een klacht indienen bij het Spaanse agentschap voor gegevensbescherming (Agencia Espa\u00f1ola de Protecci\u00f3n de Datos).<a class=\"decorated-link\" href=\"http:\/\/www.aepd.es\" target=\"_new\" rel=\"noopener\" data-start=\"5744\" data-end=\"5755\">www.aepd.es<\/a>).<\/p>\n<hr data-start=\"5759\" data-end=\"5762\" \/>\n<h1 data-start=\"5764\" data-end=\"5773\">COOKIES<\/h1>\n<p data-start=\"5775\" data-end=\"5794\">Deze site maakt gebruik van:<\/p>\n<ul data-start=\"5796\" data-end=\"5933\">\n<li data-start=\"5796\" data-end=\"5826\">\n<p data-start=\"5798\" data-end=\"5826\">Noodzakelijke technische cookies.<\/p>\n<\/li>\n<li data-start=\"5827\" data-end=\"5867\">\n<p data-start=\"5829\" data-end=\"5867\">Analytische cookies (Google Analytics).<\/p>\n<\/li>\n<li data-start=\"5868\" data-end=\"5933\">\n<p data-start=\"5870\" data-end=\"5933\">Cookies gekoppeld aan Google Maps als ingesloten inhoud wordt geladen.<\/p>\n<\/li>\n<\/ul>\n<p data-start=\"5935\" data-end=\"6056\">Niet-vereiste cookies worden alleen geactiveerd na toestemming van de gebruiker via de configuratiebanner.<\/p>\n<p data-start=\"6058\" data-end=\"6134\">De Gebruiker kan zijn toestemming te allen tijde intrekken of wijzigen.<\/p>","protected":false},"excerpt":{"rendered":"<p>POL\u00cdTICA DE PRIVACIDAD Y COOKIES Divinas Erotic Massage 1. RESPONSABLE DEL TRATAMIENTO Titular: DO\u00d1A VALENTINA DUMITRACHEDomicilio: Avinguda de Roma 13-15, 08013 BarcelonaTel\u00e9fono: 675 13 08 03Correo electr\u00f3nico: info@divinasmassage.com 2. DATOS PERSONALES QUE SE PUEDEN TRATAR Se podr\u00e1n tratar: Nombre y apellidos (si el usuario los facilita) Tel\u00e9fono Correo electr\u00f3nico Mensajes enviados por WhatsApp u otros [&hellip;]<\/p>\n","protected":false},"author":1,"featured_media":0,"parent":0,"menu_order":0,"comment_status":"closed","ping_status":"closed","template":"elementor_theme","meta":{"_acf_changed":false,"googlesitekit_rrm_CAowg-jKDA:productID":"","footnotes":""},"class_list":["post-443","page","type-page","status-publish","hentry"],"acf":[],"yoast_head":"<!-- This site is optimized with the Yoast SEO plugin v27.2 - https:\/\/yoast.com\/product\/yoast-seo-wordpress\/ -->\n<title>Pol\u00edtica de privacidad y cookies | Divinas Erotic Massage<\/title>\n<meta name=\"description\" content=\"Pol\u00edtica de privacidad y cookies | Divinas Erotic Massage\" \/>\n<meta name=\"robots\" content=\"index, follow, max-snippet:-1, max-image-preview:large, max-video-preview:-1\" \/>\n<link rel=\"canonical\" href=\"https:\/\/divinasmassage.com\/nl\/privacy-en-cookies\/\" \/>\n<meta property=\"og:locale\" content=\"nl_NL\" \/>\n<meta property=\"og:type\" content=\"article\" \/>\n<meta property=\"og:title\" content=\"Pol\u00edtica de privacidad y cookies | Divinas Erotic Massage\" \/>\n<meta property=\"og:description\" content=\"Pol\u00edtica de privacidad y cookies | Divinas Erotic Massage\" \/>\n<meta property=\"og:url\" content=\"https:\/\/divinasmassage.com\/nl\/privacy-en-cookies\/\" \/>\n<meta property=\"og:site_name\" content=\"Divinas Erotic Massage\" \/>\n<meta property=\"article:modified_time\" content=\"2026-03-12T10:26:35+00:00\" \/>\n<meta property=\"og:image\" content=\"https:\/\/divinasmassage.com\/wp-content\/uploads\/2026\/02\/DivinasEroticMassage.png\" \/>\n\t<meta property=\"og:image:width\" content=\"816\" \/>\n\t<meta property=\"og:image:height\" content=\"546\" \/>\n\t<meta property=\"og:image:type\" content=\"image\/png\" \/>\n<meta name=\"twitter:card\" content=\"summary_large_image\" \/>\n<meta name=\"twitter:label1\" content=\"Geschatte leestijd\" \/>\n\t<meta name=\"twitter:data1\" content=\"2 minuten\" \/>\n<script type=\"application\/ld+json\" class=\"yoast-schema-graph\">{\"@context\":\"https:\/\/schema.org\",\"@graph\":[{\"@type\":\"WebPage\",\"@id\":\"https:\/\/divinasmassage.com\/privacidad-y-cookies\/\",\"url\":\"https:\/\/divinasmassage.com\/privacidad-y-cookies\/\",\"name\":\"Pol\u00edtica de privacidad y cookies | Divinas Erotic Massage\",\"isPartOf\":{\"@id\":\"https:\/\/divinasmassage.com\/ja\/#website\"},\"datePublished\":\"2026-02-26T14:27:29+00:00\",\"dateModified\":\"2026-03-12T10:26:35+00:00\",\"description\":\"Pol\u00edtica de privacidad y cookies | Divinas Erotic Massage\",\"breadcrumb\":{\"@id\":\"https:\/\/divinasmassage.com\/privacidad-y-cookies\/#breadcrumb\"},\"inLanguage\":\"nl-NL\",\"potentialAction\":[{\"@type\":\"ReadAction\",\"target\":[\"https:\/\/divinasmassage.com\/privacidad-y-cookies\/\"]}]},{\"@type\":\"BreadcrumbList\",\"@id\":\"https:\/\/divinasmassage.com\/privacidad-y-cookies\/#breadcrumb\",\"itemListElement\":[{\"@type\":\"ListItem\",\"position\":1,\"name\":\"Portada\",\"item\":\"https:\/\/divinasmassage.com\/\"},{\"@type\":\"ListItem\",\"position\":2,\"name\":\"Pol\u00edtica de privacidad y cookies\"}]},{\"@type\":\"WebSite\",\"@id\":\"https:\/\/divinasmassage.com\/ja\/#website\",\"url\":\"https:\/\/divinasmassage.com\/ja\/\",\"name\":\"Divinas Erotic Massage\",\"description\":\"Donde el deseo se transforme en experiencia\",\"publisher\":{\"@id\":\"https:\/\/divinasmassage.com\/ja\/#organization\"},\"alternateName\":\"Divinas Erotic Massage Barcelona\",\"potentialAction\":[{\"@type\":\"SearchAction\",\"target\":{\"@type\":\"EntryPoint\",\"urlTemplate\":\"https:\/\/divinasmassage.com\/ja\/?s={search_term_string}\"},\"query-input\":{\"@type\":\"PropertyValueSpecification\",\"valueRequired\":true,\"valueName\":\"search_term_string\"}}],\"inLanguage\":\"nl-NL\"},{\"@type\":\"Organization\",\"@id\":\"https:\/\/divinasmassage.com\/ja\/#organization\",\"name\":\"Divinas Erotic Massage\",\"alternateName\":\"Divinas Erotic Massage\",\"url\":\"https:\/\/divinasmassage.com\/ja\/\",\"logo\":{\"@type\":\"ImageObject\",\"inLanguage\":\"nl-NL\",\"@id\":\"https:\/\/divinasmassage.com\/ja\/#\/schema\/logo\/image\/\",\"url\":\"https:\/\/divinasmassage.com\/wp-content\/uploads\/2026\/02\/DivinasEroticMassage.png\",\"contentUrl\":\"https:\/\/divinasmassage.com\/wp-content\/uploads\/2026\/02\/DivinasEroticMassage.png\",\"width\":816,\"height\":546,\"caption\":\"Divinas Erotic Massage\"},\"image\":{\"@id\":\"https:\/\/divinasmassage.com\/ja\/#\/schema\/logo\/image\/\"}}]}<\/script>\n<!-- \/ Yoast SEO plugin. -->","yoast_head_json":{"title":"Privacy- en cookiebeleid : Divinas Erotische Massage","description":"Privacy- en cookiebeleid : Divinas Erotische Massage","robots":{"index":"index","follow":"follow","max-snippet":"max-snippet:-1","max-image-preview":"max-image-preview:large","max-video-preview":"max-video-preview:-1"},"canonical":"https:\/\/divinasmassage.com\/nl\/privacy-en-cookies\/","og_locale":"nl_NL","og_type":"article","og_title":"Pol\u00edtica de privacidad y cookies | Divinas Erotic Massage","og_description":"Pol\u00edtica de privacidad y cookies | Divinas Erotic Massage","og_url":"https:\/\/divinasmassage.com\/nl\/privacy-en-cookies\/","og_site_name":"Divinas Erotic Massage","article_modified_time":"2026-03-12T10:26:35+00:00","og_image":[{"width":816,"height":546,"url":"https:\/\/divinasmassage.com\/wp-content\/uploads\/2026\/02\/DivinasEroticMassage.png","type":"image\/png"}],"twitter_card":"summary_large_image","twitter_misc":{"Geschatte leestijd":"2 minuten"},"schema":{"@context":"https:\/\/schema.org","@graph":[{"@type":"WebPage","@id":"https:\/\/divinasmassage.com\/privacidad-y-cookies\/","url":"https:\/\/divinasmassage.com\/privacidad-y-cookies\/","name":"Privacy- en cookiebeleid : Divinas Erotische Massage","isPartOf":{"@id":"https:\/\/divinasmassage.com\/ja\/#website"},"datePublished":"2026-02-26T14:27:29+00:00","dateModified":"2026-03-12T10:26:35+00:00","description":"Privacy- en cookiebeleid : Divinas Erotische Massage","breadcrumb":{"@id":"https:\/\/divinasmassage.com\/privacidad-y-cookies\/#breadcrumb"},"inLanguage":"nl-NL","potentialAction":[{"@type":"ReadAction","target":["https:\/\/divinasmassage.com\/privacidad-y-cookies\/"]}]},{"@type":"BreadcrumbList","@id":"https:\/\/divinasmassage.com\/privacidad-y-cookies\/#breadcrumb","itemListElement":[{"@type":"ListItem","position":1,"name":"Portada","item":"https:\/\/divinasmassage.com\/"},{"@type":"ListItem","position":2,"name":"Pol\u00edtica de privacidad y cookies"}]},{"@type":"WebSite","@id":"https:\/\/divinasmassage.com\/ja\/#website","url":"https:\/\/divinasmassage.com\/ja\/","name":"Divinas Erotische Massage","description":"Waar verlangen wordt omgezet in ervaring","publisher":{"@id":"https:\/\/divinasmassage.com\/ja\/#organization"},"alternateName":"Divinas Erotic Massage Barcelona","potentialAction":[{"@type":"SearchAction","target":{"@type":"EntryPoint","urlTemplate":"https:\/\/divinasmassage.com\/ja\/?s={search_term_string}"},"query-input":{"@type":"PropertyValueSpecification","valueRequired":true,"valueName":"search_term_string"}}],"inLanguage":"nl-NL"},{"@type":"Organization","@id":"https:\/\/divinasmassage.com\/ja\/#organization","name":"Divinas Erotische Massage","alternateName":"Divinas Erotic Massage","url":"https:\/\/divinasmassage.com\/ja\/","logo":{"@type":"ImageObject","inLanguage":"nl-NL","@id":"https:\/\/divinasmassage.com\/ja\/#\/schema\/logo\/image\/","url":"https:\/\/divinasmassage.com\/wp-content\/uploads\/2026\/02\/DivinasEroticMassage.png","contentUrl":"https:\/\/divinasmassage.com\/wp-content\/uploads\/2026\/02\/DivinasEroticMassage.png","width":816,"height":546,"caption":"Divinas Erotic Massage"},"image":{"@id":"https:\/\/divinasmassage.com\/ja\/#\/schema\/logo\/image\/"}}]}},"_links":{"self":[{"href":"https:\/\/divinasmassage.com\/nl\/wp-json\/wp\/v2\/pages\/443","targetHints":{"allow":["GET"]}}],"collection":[{"href":"https:\/\/divinasmassage.com\/nl\/wp-json\/wp\/v2\/pages"}],"about":[{"href":"https:\/\/divinasmassage.com\/nl\/wp-json\/wp\/v2\/types\/page"}],"author":[{"embeddable":true,"href":"https:\/\/divinasmassage.com\/nl\/wp-json\/wp\/v2\/users\/1"}],"replies":[{"embeddable":true,"href":"https:\/\/divinasmassage.com\/nl\/wp-json\/wp\/v2\/comments?post=443"}],"version-history":[{"count":6,"href":"https:\/\/divinasmassage.com\/nl\/wp-json\/wp\/v2\/pages\/443\/revisions"}],"predecessor-version":[{"id":1187,"href":"https:\/\/divinasmassage.com\/nl\/wp-json\/wp\/v2\/pages\/443\/revisions\/1187"}],"wp:attachment":[{"href":"https:\/\/divinasmassage.com\/nl\/wp-json\/wp\/v2\/media?parent=443"}],"curies":[{"name":"wp","href":"https:\/\/api.w.org\/{rel}","templated":true}]}}