{"id":443,"date":"2026-02-26T15:27:29","date_gmt":"2026-02-26T14:27:29","guid":{"rendered":"https:\/\/divinasmassage.com\/politica-de-cookies-ue\/"},"modified":"2026-03-12T11:26:35","modified_gmt":"2026-03-12T10:26:35","slug":"prywatnosc-i-pliki-cookie","status":"publish","type":"page","link":"https:\/\/divinasmassage.com\/pl\/privacidad-y-cookies\/","title":{"rendered":"Polityka prywatno\u015bci i pliki cookie"},"content":{"rendered":"<h1 data-start=\"3569\" data-end=\"3608\">POLITYKA PRYWATNO\u015aCI I PLIK\u00d3W COOKIE<\/h1>\n<p data-start=\"3609\" data-end=\"3631\">Masa\u017c erotyczny Divinas<\/p>\n<hr data-start=\"3633\" data-end=\"3636\" \/>\n<h2 data-start=\"3638\" data-end=\"3671\">1. ADMINISTRATOR DANYCH<\/h2>\n<p data-start=\"3673\" data-end=\"3840\"><strong data-start=\"3673\" data-end=\"3685\">Nag\u0142\u00f3wek:<\/strong> PANI VALENTINA DUMITRACHE<br data-start=\"3721\" data-end=\"3724\" \/><strong data-start=\"3724\" data-end=\"3738\">Adres:<\/strong> Avinguda de Roma 13-15, 08013 Barcelona<br data-start=\"3778\" data-end=\"3781\" \/><strong data-start=\"3781\" data-end=\"3794\">Telefon:<\/strong> <strong><a href=\"tel:+34675130803\">675 13 08 03<\/a><\/strong><br data-start=\"3806\" data-end=\"3809\" \/><strong data-start=\"3809\" data-end=\"3832\">E-mail:<\/strong> <a href=\"mailto:info@divinasmassage.com\">info@divinasmassage.com<\/a><\/p>\n<hr data-start=\"3842\" data-end=\"3845\" \/>\n<h2 data-start=\"3847\" data-end=\"3890\">2. DANE OSOBOWE, KT\u00d3RE MOG\u0104 BY\u0106 PRZETWARZANE<\/h2>\n<p data-start=\"3892\" data-end=\"3909\">Mog\u0105 one dotyczy\u0107 nast\u0119puj\u0105cych kwestii:<\/p>\n<ul data-start=\"3911\" data-end=\"4133\">\n<li data-start=\"3911\" data-end=\"3960\">\n<p data-start=\"3913\" data-end=\"3960\">Imi\u0119 i nazwisko (je\u015bli zosta\u0142o podane przez u\u017cytkownika)<\/p>\n<\/li>\n<li data-start=\"3961\" data-end=\"3971\">\n<p data-start=\"3963\" data-end=\"3971\">Telefon<\/p>\n<\/li>\n<li data-start=\"3972\" data-end=\"3992\">\n<p data-start=\"3974\" data-end=\"3992\">Adres e-mail<\/p>\n<\/li>\n<li data-start=\"3993\" data-end=\"4041\">\n<p data-start=\"3995\" data-end=\"4041\">Wiadomo\u015bci wysy\u0142ane przez WhatsApp lub inne kana\u0142y<\/p>\n<\/li>\n<li data-start=\"4042\" data-end=\"4056\">\n<p data-start=\"4044\" data-end=\"4056\">Adres IP<\/p>\n<\/li>\n<li data-start=\"4057\" data-end=\"4104\">\n<p data-start=\"4059\" data-end=\"4104\">Dane przegl\u0105dania za po\u015brednictwem Google Analytics<\/p>\n<\/li>\n<li data-start=\"4105\" data-end=\"4133\">\n<p data-start=\"4107\" data-end=\"4133\">Dane powi\u0105zane z rezerwacjami<\/p>\n<\/li>\n<\/ul>\n<hr data-start=\"4135\" data-end=\"4138\" \/>\n<h2 data-start=\"4140\" data-end=\"4171\">3. CEL PRZETWARZANIA<\/h2>\n<ul data-start=\"4173\" data-end=\"4346\">\n<li data-start=\"4173\" data-end=\"4207\">\n<p data-start=\"4175\" data-end=\"4207\">Zarz\u0105dzanie zapytaniami i rezerwacjami.<\/p>\n<\/li>\n<li data-start=\"4208\" data-end=\"4230\">\n<p data-start=\"4210\" data-end=\"4230\">Obs\u0142uga klienta.<\/p>\n<\/li>\n<li data-start=\"4231\" data-end=\"4264\">\n<p data-start=\"4233\" data-end=\"4264\">Wewn\u0119trzne zarz\u0105dzanie administracyjne.<\/p>\n<\/li>\n<li data-start=\"4265\" data-end=\"4306\">\n<p data-start=\"4267\" data-end=\"4306\">Analiza statystyczna korzystania z witryny.<\/p>\n<\/li>\n<li data-start=\"4307\" data-end=\"4346\">\n<p data-start=\"4309\" data-end=\"4346\">Zgodno\u015b\u0107 ze zobowi\u0105zaniami prawnymi.<\/p>\n<\/li>\n<\/ul>\n<hr data-start=\"4348\" data-end=\"4351\" \/>\n<h2 data-start=\"4353\" data-end=\"4369\">4. PODSTAWA PRAWNA<\/h2>\n<ul data-start=\"4371\" data-end=\"4476\">\n<li data-start=\"4371\" data-end=\"4400\">\n<p data-start=\"4373\" data-end=\"4400\">Zgoda u\u017cytkownika.<\/p>\n<\/li>\n<li data-start=\"4401\" data-end=\"4436\">\n<p data-start=\"4403\" data-end=\"4436\">Wykonanie \u017c\u0105danej us\u0142ugi.<\/p>\n<\/li>\n<li data-start=\"4437\" data-end=\"4476\">\n<p data-start=\"4439\" data-end=\"4476\">Zgodno\u015b\u0107 ze zobowi\u0105zaniami prawnymi.<\/p>\n<\/li>\n<\/ul>\n<hr data-start=\"4478\" data-end=\"4481\" \/>\n<h2 data-start=\"4483\" data-end=\"4510\">5. PRZECHOWYWANIE DANYCH<\/h2>\n<p data-start=\"4512\" data-end=\"4537\">Dane zostan\u0105 zachowane:<\/p>\n<ul data-start=\"4539\" data-end=\"4634\">\n<li data-start=\"4539\" data-end=\"4591\">\n<p data-start=\"4541\" data-end=\"4591\">Tak d\u0142ugo, jak to konieczne do zarz\u0105dzania relacj\u0105.<\/p>\n<\/li>\n<li data-start=\"4592\" data-end=\"4634\">\n<p data-start=\"4594\" data-end=\"4634\">W prawnie wi\u0105\u017c\u0105cych terminach.<\/p>\n<\/li>\n<\/ul>\n<hr data-start=\"4636\" data-end=\"4639\" \/>\n<h2 data-start=\"4641\" data-end=\"4672\">6. WIZERUNKI PROFESJONALIST\u00d3W<\/h2>\n<p data-start=\"4674\" data-end=\"4756\">Wizerunki i nazwy artystyczne profesjonalist\u00f3w opublikowane na stronie internetowej:<\/p>\n<ul data-start=\"4758\" data-end=\"4866\">\n<li data-start=\"4758\" data-end=\"4791\">\n<p data-start=\"4760\" data-end=\"4791\">S\u0105 one u\u017cywane za zgod\u0105.<\/p>\n<\/li>\n<li data-start=\"4792\" data-end=\"4823\">\n<p data-start=\"4794\" data-end=\"4823\">S\u0142u\u017c\u0105 one do cel\u00f3w promocyjnych.<\/p>\n<\/li>\n<li data-start=\"4824\" data-end=\"4866\">\n<p data-start=\"4826\" data-end=\"4866\">Nie mog\u0105 one by\u0107 ponownie wykorzystywane przez osoby trzecie.<\/p>\n<\/li>\n<\/ul>\n<p data-start=\"4868\" data-end=\"5013\">Profesjonali\u015bci mog\u0105 w dowolnym momencie skorzysta\u0107 z prawa dost\u0119pu, sprostowania lub wycofania swojego wizerunku zgodnie z obowi\u0105zuj\u0105cymi przepisami.<\/p>\n<hr data-start=\"5015\" data-end=\"5018\" \/>\n<h2 data-start=\"5020\" data-end=\"5039\">7. TARGET<\/h2>\n<p data-start=\"5041\" data-end=\"5095\">\u017badne dane nie b\u0119d\u0105 przekazywane stronom trzecim, chyba \u017ce jest to prawnie wymagane.<\/p>\n<p data-start=\"5097\" data-end=\"5146\">Mog\u0105 one dzia\u0142a\u0107 jako procesory:<\/p>\n<ul data-start=\"5148\" data-end=\"5236\">\n<li data-start=\"5148\" data-end=\"5170\">\n<p data-start=\"5150\" data-end=\"5170\">Dostawca hostingu<\/p>\n<\/li>\n<li data-start=\"5171\" data-end=\"5203\">\n<p data-start=\"5173\" data-end=\"5203\">Us\u0142ugi utrzymania stron internetowych<\/p>\n<\/li>\n<li data-start=\"5204\" data-end=\"5222\">\n<p data-start=\"5206\" data-end=\"5222\">Google Analytics<\/p>\n<\/li>\n<li data-start=\"5223\" data-end=\"5236\">\n<p data-start=\"5225\" data-end=\"5236\">Mapy Google<\/p>\n<\/li>\n<\/ul>\n<hr data-start=\"5238\" data-end=\"5241\" \/>\n<h2 data-start=\"5243\" data-end=\"5279\">8. PRZELEWY MI\u0118DZYNARODOWE<\/h2>\n<p data-start=\"5281\" data-end=\"5448\">W przypadku korzystania z us\u0142ug Google lub innych dostawc\u00f3w zlokalizowanych poza Europejskim Obszarem Gospodarczym zastosowanie maj\u0105 odpowiednie zabezpieczenia przewidziane przez prawo.<\/p>\n<hr data-start=\"5450\" data-end=\"5453\" \/>\n<h2 data-start=\"5455\" data-end=\"5481\">9. PRAWA U\u017bYTKOWNIKA<\/h2>\n<p data-start=\"5483\" data-end=\"5524\">U\u017cytkownik mo\u017ce wykonywa\u0107 swoje prawa do:<\/p>\n<ul data-start=\"5526\" data-end=\"5602\">\n<li data-start=\"5526\" data-end=\"5534\">\n<p data-start=\"5528\" data-end=\"5534\">Dost\u0119p<\/p>\n<\/li>\n<li data-start=\"5535\" data-end=\"5550\">\n<p data-start=\"5537\" data-end=\"5550\">Korekta<\/p>\n<\/li>\n<li data-start=\"5551\" data-end=\"5562\">\n<p data-start=\"5553\" data-end=\"5562\">T\u0142umienie<\/p>\n<\/li>\n<li data-start=\"5563\" data-end=\"5574\">\n<p data-start=\"5565\" data-end=\"5574\">Sprzeciw<\/p>\n<\/li>\n<li data-start=\"5575\" data-end=\"5587\">\n<p data-start=\"5577\" data-end=\"5587\">Ograniczenie<\/p>\n<\/li>\n<li data-start=\"5588\" data-end=\"5602\">\n<p data-start=\"5590\" data-end=\"5602\">Przeno\u015bno\u015b\u0107<\/p>\n<\/li>\n<\/ul>\n<p data-start=\"5604\" data-end=\"5657\">Za po\u015brednictwem komunikacji na wskazany adres e-mail.<\/p>\n<p data-start=\"5659\" data-end=\"5757\">U\u017cytkownik mo\u017ce r\u00f3wnie\u017c z\u0142o\u017cy\u0107 skarg\u0119 do Hiszpa\u0144skiej Agencji Ochrony Danych (Agencia Espa\u00f1ola de Protecci\u00f3n de Datos).<a class=\"decorated-link\" href=\"http:\/\/www.aepd.es\" target=\"_new\" rel=\"noopener\" data-start=\"5744\" data-end=\"5755\">www.aepd.es<\/a>).<\/p>\n<hr data-start=\"5759\" data-end=\"5762\" \/>\n<h1 data-start=\"5764\" data-end=\"5773\">CIASTECZKA<\/h1>\n<p data-start=\"5775\" data-end=\"5794\">Ta strona u\u017cywa:<\/p>\n<ul data-start=\"5796\" data-end=\"5933\">\n<li data-start=\"5796\" data-end=\"5826\">\n<p data-start=\"5798\" data-end=\"5826\">Niezb\u0119dne techniczne pliki cookie.<\/p>\n<\/li>\n<li data-start=\"5827\" data-end=\"5867\">\n<p data-start=\"5829\" data-end=\"5867\">Analityczne pliki cookie (Google Analytics).<\/p>\n<\/li>\n<li data-start=\"5868\" data-end=\"5933\">\n<p data-start=\"5870\" data-end=\"5933\">Pliki cookie zwi\u0105zane z Mapami Google w przypadku za\u0142adowania tre\u015bci osadzonych.<\/p>\n<\/li>\n<\/ul>\n<p data-start=\"5935\" data-end=\"6056\">Niewymagane pliki cookie b\u0119d\u0105 aktywowane tylko po wyra\u017ceniu zgody przez u\u017cytkownika za po\u015brednictwem banera konfiguracji.<\/p>\n<p data-start=\"6058\" data-end=\"6134\">U\u017cytkownik mo\u017ce wycofa\u0107 lub zmodyfikowa\u0107 swoj\u0105 zgod\u0119 w dowolnym momencie.<\/p>","protected":false},"excerpt":{"rendered":"<p>POL\u00cdTICA DE PRIVACIDAD Y COOKIES Divinas Erotic Massage 1. RESPONSABLE DEL TRATAMIENTO Titular: DO\u00d1A VALENTINA DUMITRACHEDomicilio: Avinguda de Roma 13-15, 08013 BarcelonaTel\u00e9fono: 675 13 08 03Correo electr\u00f3nico: info@divinasmassage.com 2. DATOS PERSONALES QUE SE PUEDEN TRATAR Se podr\u00e1n tratar: Nombre y apellidos (si el usuario los facilita) Tel\u00e9fono Correo electr\u00f3nico Mensajes enviados por WhatsApp u otros [&hellip;]<\/p>\n","protected":false},"author":1,"featured_media":0,"parent":0,"menu_order":0,"comment_status":"closed","ping_status":"closed","template":"elementor_theme","meta":{"_acf_changed":false,"googlesitekit_rrm_CAowg-jKDA:productID":"","footnotes":""},"class_list":["post-443","page","type-page","status-publish","hentry"],"acf":[],"yoast_head":"<!-- This site is optimized with the Yoast SEO plugin v27.2 - https:\/\/yoast.com\/product\/yoast-seo-wordpress\/ -->\n<title>Pol\u00edtica de privacidad y cookies | Divinas Erotic Massage<\/title>\n<meta name=\"description\" content=\"Pol\u00edtica de privacidad y cookies | Divinas Erotic Massage\" \/>\n<meta name=\"robots\" content=\"index, follow, max-snippet:-1, max-image-preview:large, max-video-preview:-1\" \/>\n<link rel=\"canonical\" href=\"https:\/\/divinasmassage.com\/pl\/prywatnosc-i-pliki-cookie\/\" \/>\n<meta property=\"og:locale\" content=\"pl_PL\" \/>\n<meta property=\"og:type\" content=\"article\" \/>\n<meta property=\"og:title\" content=\"Pol\u00edtica de privacidad y cookies | Divinas Erotic Massage\" \/>\n<meta property=\"og:description\" content=\"Pol\u00edtica de privacidad y cookies | Divinas Erotic Massage\" \/>\n<meta property=\"og:url\" content=\"https:\/\/divinasmassage.com\/pl\/prywatnosc-i-pliki-cookie\/\" \/>\n<meta property=\"og:site_name\" content=\"Divinas Erotic Massage\" \/>\n<meta property=\"article:modified_time\" content=\"2026-03-12T10:26:35+00:00\" \/>\n<meta property=\"og:image\" content=\"https:\/\/divinasmassage.com\/wp-content\/uploads\/2026\/02\/DivinasEroticMassage.png\" \/>\n\t<meta property=\"og:image:width\" content=\"816\" \/>\n\t<meta property=\"og:image:height\" content=\"546\" \/>\n\t<meta property=\"og:image:type\" content=\"image\/png\" \/>\n<meta name=\"twitter:card\" content=\"summary_large_image\" \/>\n<meta name=\"twitter:label1\" content=\"Szacowany czas czytania\" \/>\n\t<meta name=\"twitter:data1\" content=\"2 minuty\" \/>\n<script type=\"application\/ld+json\" class=\"yoast-schema-graph\">{\"@context\":\"https:\/\/schema.org\",\"@graph\":[{\"@type\":\"WebPage\",\"@id\":\"https:\/\/divinasmassage.com\/privacidad-y-cookies\/\",\"url\":\"https:\/\/divinasmassage.com\/privacidad-y-cookies\/\",\"name\":\"Pol\u00edtica de privacidad y cookies | Divinas Erotic Massage\",\"isPartOf\":{\"@id\":\"https:\/\/divinasmassage.com\/ja\/#website\"},\"datePublished\":\"2026-02-26T14:27:29+00:00\",\"dateModified\":\"2026-03-12T10:26:35+00:00\",\"description\":\"Pol\u00edtica de privacidad y cookies | Divinas Erotic Massage\",\"breadcrumb\":{\"@id\":\"https:\/\/divinasmassage.com\/privacidad-y-cookies\/#breadcrumb\"},\"inLanguage\":\"pl-PL\",\"potentialAction\":[{\"@type\":\"ReadAction\",\"target\":[\"https:\/\/divinasmassage.com\/privacidad-y-cookies\/\"]}]},{\"@type\":\"BreadcrumbList\",\"@id\":\"https:\/\/divinasmassage.com\/privacidad-y-cookies\/#breadcrumb\",\"itemListElement\":[{\"@type\":\"ListItem\",\"position\":1,\"name\":\"Portada\",\"item\":\"https:\/\/divinasmassage.com\/\"},{\"@type\":\"ListItem\",\"position\":2,\"name\":\"Pol\u00edtica de privacidad y cookies\"}]},{\"@type\":\"WebSite\",\"@id\":\"https:\/\/divinasmassage.com\/ja\/#website\",\"url\":\"https:\/\/divinasmassage.com\/ja\/\",\"name\":\"Divinas Erotic Massage\",\"description\":\"Donde el deseo se transforme en experiencia\",\"publisher\":{\"@id\":\"https:\/\/divinasmassage.com\/ja\/#organization\"},\"alternateName\":\"Divinas Erotic Massage Barcelona\",\"potentialAction\":[{\"@type\":\"SearchAction\",\"target\":{\"@type\":\"EntryPoint\",\"urlTemplate\":\"https:\/\/divinasmassage.com\/ja\/?s={search_term_string}\"},\"query-input\":{\"@type\":\"PropertyValueSpecification\",\"valueRequired\":true,\"valueName\":\"search_term_string\"}}],\"inLanguage\":\"pl-PL\"},{\"@type\":\"Organization\",\"@id\":\"https:\/\/divinasmassage.com\/ja\/#organization\",\"name\":\"Divinas Erotic Massage\",\"alternateName\":\"Divinas Erotic Massage\",\"url\":\"https:\/\/divinasmassage.com\/ja\/\",\"logo\":{\"@type\":\"ImageObject\",\"inLanguage\":\"pl-PL\",\"@id\":\"https:\/\/divinasmassage.com\/ja\/#\/schema\/logo\/image\/\",\"url\":\"https:\/\/divinasmassage.com\/wp-content\/uploads\/2026\/02\/DivinasEroticMassage.png\",\"contentUrl\":\"https:\/\/divinasmassage.com\/wp-content\/uploads\/2026\/02\/DivinasEroticMassage.png\",\"width\":816,\"height\":546,\"caption\":\"Divinas Erotic Massage\"},\"image\":{\"@id\":\"https:\/\/divinasmassage.com\/ja\/#\/schema\/logo\/image\/\"}}]}<\/script>\n<!-- \/ Yoast SEO plugin. -->","yoast_head_json":{"title":"Polityka prywatno\u015bci i plik\u00f3w cookies : Masa\u017c erotyczny Divinas","description":"Polityka prywatno\u015bci i plik\u00f3w cookies : Masa\u017c erotyczny Divinas","robots":{"index":"index","follow":"follow","max-snippet":"max-snippet:-1","max-image-preview":"max-image-preview:large","max-video-preview":"max-video-preview:-1"},"canonical":"https:\/\/divinasmassage.com\/pl\/prywatnosc-i-pliki-cookie\/","og_locale":"pl_PL","og_type":"article","og_title":"Pol\u00edtica de privacidad y cookies | Divinas Erotic Massage","og_description":"Pol\u00edtica de privacidad y cookies | Divinas Erotic Massage","og_url":"https:\/\/divinasmassage.com\/pl\/prywatnosc-i-pliki-cookie\/","og_site_name":"Divinas Erotic Massage","article_modified_time":"2026-03-12T10:26:35+00:00","og_image":[{"width":816,"height":546,"url":"https:\/\/divinasmassage.com\/wp-content\/uploads\/2026\/02\/DivinasEroticMassage.png","type":"image\/png"}],"twitter_card":"summary_large_image","twitter_misc":{"Szacowany czas czytania":"2 minuty"},"schema":{"@context":"https:\/\/schema.org","@graph":[{"@type":"WebPage","@id":"https:\/\/divinasmassage.com\/privacidad-y-cookies\/","url":"https:\/\/divinasmassage.com\/privacidad-y-cookies\/","name":"Polityka prywatno\u015bci i plik\u00f3w cookies : Masa\u017c erotyczny Divinas","isPartOf":{"@id":"https:\/\/divinasmassage.com\/ja\/#website"},"datePublished":"2026-02-26T14:27:29+00:00","dateModified":"2026-03-12T10:26:35+00:00","description":"Polityka prywatno\u015bci i plik\u00f3w cookies : Masa\u017c erotyczny Divinas","breadcrumb":{"@id":"https:\/\/divinasmassage.com\/privacidad-y-cookies\/#breadcrumb"},"inLanguage":"pl-PL","potentialAction":[{"@type":"ReadAction","target":["https:\/\/divinasmassage.com\/privacidad-y-cookies\/"]}]},{"@type":"BreadcrumbList","@id":"https:\/\/divinasmassage.com\/privacidad-y-cookies\/#breadcrumb","itemListElement":[{"@type":"ListItem","position":1,"name":"Portada","item":"https:\/\/divinasmassage.com\/"},{"@type":"ListItem","position":2,"name":"Pol\u00edtica de privacidad y cookies"}]},{"@type":"WebSite","@id":"https:\/\/divinasmassage.com\/ja\/#website","url":"https:\/\/divinasmassage.com\/ja\/","name":"Masa\u017c erotyczny Divinas","description":"Gdzie pragnienie przekszta\u0142ca si\u0119 w do\u015bwiadczenie","publisher":{"@id":"https:\/\/divinasmassage.com\/ja\/#organization"},"alternateName":"Divinas Erotic Massage Barcelona","potentialAction":[{"@type":"SearchAction","target":{"@type":"EntryPoint","urlTemplate":"https:\/\/divinasmassage.com\/ja\/?s={search_term_string}"},"query-input":{"@type":"PropertyValueSpecification","valueRequired":true,"valueName":"search_term_string"}}],"inLanguage":"pl-PL"},{"@type":"Organization","@id":"https:\/\/divinasmassage.com\/ja\/#organization","name":"Masa\u017c erotyczny Divinas","alternateName":"Divinas Erotic Massage","url":"https:\/\/divinasmassage.com\/ja\/","logo":{"@type":"ImageObject","inLanguage":"pl-PL","@id":"https:\/\/divinasmassage.com\/ja\/#\/schema\/logo\/image\/","url":"https:\/\/divinasmassage.com\/wp-content\/uploads\/2026\/02\/DivinasEroticMassage.png","contentUrl":"https:\/\/divinasmassage.com\/wp-content\/uploads\/2026\/02\/DivinasEroticMassage.png","width":816,"height":546,"caption":"Divinas Erotic Massage"},"image":{"@id":"https:\/\/divinasmassage.com\/ja\/#\/schema\/logo\/image\/"}}]}},"_links":{"self":[{"href":"https:\/\/divinasmassage.com\/pl\/wp-json\/wp\/v2\/pages\/443","targetHints":{"allow":["GET"]}}],"collection":[{"href":"https:\/\/divinasmassage.com\/pl\/wp-json\/wp\/v2\/pages"}],"about":[{"href":"https:\/\/divinasmassage.com\/pl\/wp-json\/wp\/v2\/types\/page"}],"author":[{"embeddable":true,"href":"https:\/\/divinasmassage.com\/pl\/wp-json\/wp\/v2\/users\/1"}],"replies":[{"embeddable":true,"href":"https:\/\/divinasmassage.com\/pl\/wp-json\/wp\/v2\/comments?post=443"}],"version-history":[{"count":6,"href":"https:\/\/divinasmassage.com\/pl\/wp-json\/wp\/v2\/pages\/443\/revisions"}],"predecessor-version":[{"id":1187,"href":"https:\/\/divinasmassage.com\/pl\/wp-json\/wp\/v2\/pages\/443\/revisions\/1187"}],"wp:attachment":[{"href":"https:\/\/divinasmassage.com\/pl\/wp-json\/wp\/v2\/media?parent=443"}],"curies":[{"name":"wp","href":"https:\/\/api.w.org\/{rel}","templated":true}]}}