{"id":443,"date":"2026-02-26T15:27:29","date_gmt":"2026-02-26T14:27:29","guid":{"rendered":"https:\/\/divinasmassage.com\/politica-de-cookies-ue\/"},"modified":"2026-03-12T11:26:35","modified_gmt":"2026-03-12T10:26:35","slug":"%e9%9a%90%e7%a7%81%e5%92%8c-cookie","status":"publish","type":"page","link":"https:\/\/divinasmassage.com\/zh\/privacidad-y-cookies\/","title":{"rendered":"\u9690\u79c1\u653f\u7b56\u548c cookie"},"content":{"rendered":"<h1 data-start=\"3569\" data-end=\"3608\">\u9690\u79c1\u548c cookie \u653f\u7b56<\/h1>\n<p data-start=\"3609\" data-end=\"3631\">\u8fea\u7ef4\u7eb3\u65af\u60c5\u8272\u6309\u6469<\/p>\n<hr data-start=\"3633\" data-end=\"3636\" \/>\n<h2 data-start=\"3638\" data-end=\"3671\">1. \u6570\u636e\u63a7\u5236\u8005<\/h2>\n<p data-start=\"3673\" data-end=\"3840\"><strong data-start=\"3673\" data-end=\"3685\">\u6807\u9898\uff1a<\/strong> Ms.<br data-start=\"3721\" data-end=\"3724\" \/><strong data-start=\"3724\" data-end=\"3738\">\u5730\u5740<\/strong> Avinguda de Roma 13-15, 08013 Barcelona<br data-start=\"3778\" data-end=\"3781\" \/><strong data-start=\"3781\" data-end=\"3794\">\u7535\u8bdd<\/strong> <strong><a href=\"tel:+34675130803\">675 13 08 03<\/a><\/strong><br data-start=\"3806\" data-end=\"3809\" \/><strong data-start=\"3809\" data-end=\"3832\">\u7535\u5b50\u90ae\u4ef6\uff1a<\/strong> <a href=\"mailto:info@divinasmassage.com\">info@divinasmassage.com<\/a><\/p>\n<hr data-start=\"3842\" data-end=\"3845\" \/>\n<h2 data-start=\"3847\" data-end=\"3890\">2.\u53ef\u5904\u7406\u7684\u4e2a\u4eba\u6570\u636e<\/h2>\n<p data-start=\"3892\" data-end=\"3909\">\u53ef\u4ee5\u5904\u7406\u4ee5\u4e0b\u95ee\u9898<\/p>\n<ul data-start=\"3911\" data-end=\"4133\">\n<li data-start=\"3911\" data-end=\"3960\">\n<p data-start=\"3913\" data-end=\"3960\">\u59d3\u540d\uff08\u5982\u7528\u6237\u63d0\u4f9b\uff09<\/p>\n<\/li>\n<li data-start=\"3961\" data-end=\"3971\">\n<p data-start=\"3963\" data-end=\"3971\">\u7535\u8bdd<\/p>\n<\/li>\n<li data-start=\"3972\" data-end=\"3992\">\n<p data-start=\"3974\" data-end=\"3992\">\u7535\u5b50\u90ae\u4ef6\u5730\u5740<\/p>\n<\/li>\n<li data-start=\"3993\" data-end=\"4041\">\n<p data-start=\"3995\" data-end=\"4041\">\u7531 WhatsApp \u6216\u5176\u4ed6\u4fe1\u9053\u53d1\u9001\u7684\u4fe1\u606f<\/p>\n<\/li>\n<li data-start=\"4042\" data-end=\"4056\">\n<p data-start=\"4044\" data-end=\"4056\">IP \u5730\u5740<\/p>\n<\/li>\n<li data-start=\"4057\" data-end=\"4104\">\n<p data-start=\"4059\" data-end=\"4104\">\u901a\u8fc7\u8c37\u6b4c\u5206\u6790\u7684\u6d4f\u89c8\u6570\u636e<\/p>\n<\/li>\n<li data-start=\"4105\" data-end=\"4133\">\n<p data-start=\"4107\" data-end=\"4133\">\u4e0e\u9884\u8ba2\u76f8\u5173\u7684\u6570\u636e<\/p>\n<\/li>\n<\/ul>\n<hr data-start=\"4135\" data-end=\"4138\" \/>\n<h2 data-start=\"4140\" data-end=\"4171\">3.\u5904\u7406\u76ee\u7684<\/h2>\n<ul data-start=\"4173\" data-end=\"4346\">\n<li data-start=\"4173\" data-end=\"4207\">\n<p data-start=\"4175\" data-end=\"4207\">\u67e5\u8be2\u548c\u9884\u8ba2\u7ba1\u7406\u3002.<\/p>\n<\/li>\n<li data-start=\"4208\" data-end=\"4230\">\n<p data-start=\"4210\" data-end=\"4230\">\u5ba2\u6237\u670d\u52a1\u3002.<\/p>\n<\/li>\n<li data-start=\"4231\" data-end=\"4264\">\n<p data-start=\"4233\" data-end=\"4264\">\u5185\u90e8\u884c\u653f\u7ba1\u7406\u3002.<\/p>\n<\/li>\n<li data-start=\"4265\" data-end=\"4306\">\n<p data-start=\"4267\" data-end=\"4306\">\u5bf9\u7f51\u7ad9\u4f7f\u7528\u60c5\u51b5\u8fdb\u884c\u7edf\u8ba1\u5206\u6790\u3002.<\/p>\n<\/li>\n<li data-start=\"4307\" data-end=\"4346\">\n<p data-start=\"4309\" data-end=\"4346\">\u5c65\u884c\u6cd5\u5f8b\u4e49\u52a1\u3002.<\/p>\n<\/li>\n<\/ul>\n<hr data-start=\"4348\" data-end=\"4351\" \/>\n<h2 data-start=\"4353\" data-end=\"4369\">4.\u6cd5\u5f8b\u4f9d\u636e<\/h2>\n<ul data-start=\"4371\" data-end=\"4476\">\n<li data-start=\"4371\" data-end=\"4400\">\n<p data-start=\"4373\" data-end=\"4400\">\u7528\u6237\u540c\u610f\u3002.<\/p>\n<\/li>\n<li data-start=\"4401\" data-end=\"4436\">\n<p data-start=\"4403\" data-end=\"4436\">\u6267\u884c\u8bf7\u6c42\u7684\u670d\u52a1\u3002.<\/p>\n<\/li>\n<li data-start=\"4437\" data-end=\"4476\">\n<p data-start=\"4439\" data-end=\"4476\">\u5c65\u884c\u6cd5\u5f8b\u4e49\u52a1\u3002.<\/p>\n<\/li>\n<\/ul>\n<hr data-start=\"4478\" data-end=\"4481\" \/>\n<h2 data-start=\"4483\" data-end=\"4510\">5.\u6570\u636e\u4fdd\u5b58<\/h2>\n<p data-start=\"4512\" data-end=\"4537\">\u6570\u636e\u5c06\u88ab\u4fdd\u7559\uff1a<\/p>\n<ul data-start=\"4539\" data-end=\"4634\">\n<li data-start=\"4539\" data-end=\"4591\">\n<p data-start=\"4541\" data-end=\"4591\">\u7ba1\u7406\u5173\u7cfb\u6240\u9700\u7684\u65f6\u95f4\u3002.<\/p>\n<\/li>\n<li data-start=\"4592\" data-end=\"4634\">\n<p data-start=\"4594\" data-end=\"4634\">\u5728\u6cd5\u5f8b\u89c4\u5b9a\u7684\u6700\u540e\u671f\u9650\u5185\u3002.<\/p>\n<\/li>\n<\/ul>\n<hr data-start=\"4636\" data-end=\"4639\" \/>\n<h2 data-start=\"4641\" data-end=\"4672\">6.\u4e13\u4e1a\u4eba\u5458\u7684\u5f62\u8c61<\/h2>\n<p data-start=\"4674\" data-end=\"4756\">\u7f51\u7ad9\u4e0a\u516c\u5e03\u7684\u4e13\u4e1a\u4eba\u5458\u7684\u56fe\u50cf\u548c\u827a\u672f\u59d3\u540d\uff1a<\/p>\n<ul data-start=\"4758\" data-end=\"4866\">\n<li data-start=\"4758\" data-end=\"4791\">\n<p data-start=\"4760\" data-end=\"4791\">\u5b83\u4eec\u662f\u5728\u5f81\u5f97\u540c\u610f\u540e\u4f7f\u7528\u7684\u3002.<\/p>\n<\/li>\n<li data-start=\"4792\" data-end=\"4823\">\n<p data-start=\"4794\" data-end=\"4823\">\u5b83\u4eec\u7528\u4e8e\u5ba3\u4f20\u76ee\u7684\u3002.<\/p>\n<\/li>\n<li data-start=\"4824\" data-end=\"4866\">\n<p data-start=\"4826\" data-end=\"4866\">\u7b2c\u4e09\u65b9\u4e0d\u5f97\u91cd\u590d\u4f7f\u7528\u3002.<\/p>\n<\/li>\n<\/ul>\n<p data-start=\"4868\" data-end=\"5013\">\u6839\u636e\u73b0\u884c\u89c4\u5b9a\uff0c\u4e13\u4e1a\u4eba\u5458\u53ef\u968f\u65f6\u884c\u4f7f\u8bbf\u95ee\u3001\u4fee\u6539\u6216\u64a4\u56de\u5176\u56fe\u50cf\u7684\u6743\u5229\u3002.<\/p>\n<hr data-start=\"5015\" data-end=\"5018\" \/>\n<h2 data-start=\"5020\" data-end=\"5039\">7.\u76ee\u6807<\/h2>\n<p data-start=\"5041\" data-end=\"5095\">\u9664\u975e\u6709\u6cd5\u5f8b\u4e49\u52a1\uff0c\u5426\u5219\u4e0d\u4f1a\u5c06\u6570\u636e\u63d0\u4f9b\u7ed9\u7b2c\u4e09\u65b9\u3002.<\/p>\n<p data-start=\"5097\" data-end=\"5146\">\u5b83\u4eec\u53ef\u4ee5\u5145\u5f53\u5904\u7406\u5668\uff1a<\/p>\n<ul data-start=\"5148\" data-end=\"5236\">\n<li data-start=\"5148\" data-end=\"5170\">\n<p data-start=\"5150\" data-end=\"5170\">\u6258\u7ba1\u670d\u52a1\u63d0\u4f9b\u5546<\/p>\n<\/li>\n<li data-start=\"5171\" data-end=\"5203\">\n<p data-start=\"5173\" data-end=\"5203\">\u7f51\u7ad9\u7ef4\u62a4\u670d\u52a1<\/p>\n<\/li>\n<li data-start=\"5204\" data-end=\"5222\">\n<p data-start=\"5206\" data-end=\"5222\">\u8c37\u6b4c\u5206\u6790<\/p>\n<\/li>\n<li data-start=\"5223\" data-end=\"5236\">\n<p data-start=\"5225\" data-end=\"5236\">\u8c37\u6b4c\u5730\u56fe<\/p>\n<\/li>\n<\/ul>\n<hr data-start=\"5238\" data-end=\"5241\" \/>\n<h2 data-start=\"5243\" data-end=\"5279\">8.\u56fd\u9645\u8f6c\u8d26<\/h2>\n<p data-start=\"5281\" data-end=\"5448\">\u5982\u679c\u4f7f\u7528\u6b27\u6d32\u7ecf\u6d4e\u533a\u4ee5\u5916\u7684\u8c37\u6b4c\u6216\u5176\u4ed6\u4f9b\u5e94\u5546\u7684\u670d\u52a1\uff0c\u5219\u5e94\u9002\u7528\u6cd5\u5f8b\u89c4\u5b9a\u7684\u9002\u5f53\u4fdd\u969c\u63aa\u65bd\u3002.<\/p>\n<hr data-start=\"5450\" data-end=\"5453\" \/>\n<h2 data-start=\"5455\" data-end=\"5481\">9.\u7528\u6237\u6743\u5229<\/h2>\n<p data-start=\"5483\" data-end=\"5524\">\u7528\u6237\u53ef\u884c\u4f7f\u4ee5\u4e0b\u6743\u5229<\/p>\n<ul data-start=\"5526\" data-end=\"5602\">\n<li data-start=\"5526\" data-end=\"5534\">\n<p data-start=\"5528\" data-end=\"5534\">\u8bbf\u95ee<\/p>\n<\/li>\n<li data-start=\"5535\" data-end=\"5550\">\n<p data-start=\"5537\" data-end=\"5550\">\u66f4\u6b63<\/p>\n<\/li>\n<li data-start=\"5551\" data-end=\"5562\">\n<p data-start=\"5553\" data-end=\"5562\">\u538b\u5236<\/p>\n<\/li>\n<li data-start=\"5563\" data-end=\"5574\">\n<p data-start=\"5565\" data-end=\"5574\">\u53cd\u5bf9\u6d3e<\/p>\n<\/li>\n<li data-start=\"5575\" data-end=\"5587\">\n<p data-start=\"5577\" data-end=\"5587\">\u9650\u5236<\/p>\n<\/li>\n<li data-start=\"5588\" data-end=\"5602\">\n<p data-start=\"5590\" data-end=\"5602\">\u4fbf\u643a\u6027<\/p>\n<\/li>\n<\/ul>\n<p data-start=\"5604\" data-end=\"5657\">\u901a\u8fc7\u7535\u5b50\u90ae\u4ef6\u5730\u5740\u53d1\u9001\u3002.<\/p>\n<p data-start=\"5659\" data-end=\"5757\">\u60a8\u4e5f\u53ef\u4ee5\u5411\u897f\u73ed\u7259\u6570\u636e\u4fdd\u62a4\u5c40\uff08Agencia Espa\u00f1ola de Protecci\u00f3n de Datos\uff09\u6295\u8bc9\u3002<a class=\"decorated-link\" href=\"http:\/\/www.aepd.es\" target=\"_new\" rel=\"noopener\" data-start=\"5744\" data-end=\"5755\">www.aepd.es<\/a>).<\/p>\n<hr data-start=\"5759\" data-end=\"5762\" \/>\n<h1 data-start=\"5764\" data-end=\"5773\">\u997c\u5e72<\/h1>\n<p data-start=\"5775\" data-end=\"5794\">\u672c\u7f51\u7ad9\u4f7f\u7528<\/p>\n<ul data-start=\"5796\" data-end=\"5933\">\n<li data-start=\"5796\" data-end=\"5826\">\n<p data-start=\"5798\" data-end=\"5826\">\u5fc5\u8981\u7684\u6280\u672f cookie\u3002.<\/p>\n<\/li>\n<li data-start=\"5827\" data-end=\"5867\">\n<p data-start=\"5829\" data-end=\"5867\">\u5206\u6790 cookie\uff08\u8c37\u6b4c\u5206\u6790\uff09\u3002.<\/p>\n<\/li>\n<li data-start=\"5868\" data-end=\"5933\">\n<p data-start=\"5870\" data-end=\"5933\">\u5982\u679c\u52a0\u8f7d\u5d4c\u5165\u5f0f\u5185\u5bb9\uff0c\u4e0e\u8c37\u6b4c\u5730\u56fe\u76f8\u5173\u7684 Cookie\u3002.<\/p>\n<\/li>\n<\/ul>\n<p data-start=\"5935\" data-end=\"6056\">\u53ea\u6709\u5728\u7528\u6237\u901a\u8fc7\u914d\u7f6e\u6a2a\u5e45\u8868\u793a\u540c\u610f\u540e\uff0c\u624d\u4f1a\u6fc0\u6d3b\u975e\u5fc5\u586b cookie\u3002.<\/p>\n<p data-start=\"6058\" data-end=\"6134\">\u7528\u6237\u53ef\u968f\u65f6\u64a4\u9500\u6216\u4fee\u6539\u5176\u540c\u610f\u3002.<\/p>","protected":false},"excerpt":{"rendered":"<p>POL\u00cdTICA DE PRIVACIDAD Y COOKIES Divinas Erotic Massage 1. RESPONSABLE DEL TRATAMIENTO Titular: DO\u00d1A VALENTINA DUMITRACHEDomicilio: Avinguda de Roma 13-15, 08013 BarcelonaTel\u00e9fono: 675 13 08 03Correo electr\u00f3nico: info@divinasmassage.com 2. DATOS PERSONALES QUE SE PUEDEN TRATAR Se podr\u00e1n tratar: Nombre y apellidos (si el usuario los facilita) Tel\u00e9fono Correo electr\u00f3nico Mensajes enviados por WhatsApp u otros [&hellip;]<\/p>\n","protected":false},"author":1,"featured_media":0,"parent":0,"menu_order":0,"comment_status":"closed","ping_status":"closed","template":"elementor_theme","meta":{"_acf_changed":false,"googlesitekit_rrm_CAowg-jKDA:productID":"","footnotes":""},"class_list":["post-443","page","type-page","status-publish","hentry"],"acf":[],"yoast_head":"<!-- This site is optimized with the Yoast SEO plugin v27.2 - https:\/\/yoast.com\/product\/yoast-seo-wordpress\/ -->\n<title>Pol\u00edtica de privacidad y cookies | Divinas Erotic Massage<\/title>\n<meta name=\"description\" content=\"Pol\u00edtica de privacidad y cookies | Divinas Erotic Massage\" \/>\n<meta name=\"robots\" content=\"index, follow, max-snippet:-1, max-image-preview:large, max-video-preview:-1\" \/>\n<link rel=\"canonical\" href=\"https:\/\/divinasmassage.com\/zh\/\u9690\u79c1\u548c-cookie\/\" \/>\n<meta property=\"og:locale\" content=\"zh_CN\" \/>\n<meta property=\"og:type\" content=\"article\" \/>\n<meta property=\"og:title\" content=\"Pol\u00edtica de privacidad y cookies | Divinas Erotic Massage\" \/>\n<meta property=\"og:description\" content=\"Pol\u00edtica de privacidad y cookies | Divinas Erotic Massage\" \/>\n<meta property=\"og:url\" content=\"https:\/\/divinasmassage.com\/zh\/\u9690\u79c1\u548c-cookie\/\" \/>\n<meta property=\"og:site_name\" content=\"Divinas Erotic Massage\" \/>\n<meta property=\"article:modified_time\" content=\"2026-03-12T10:26:35+00:00\" \/>\n<meta property=\"og:image\" content=\"https:\/\/divinasmassage.com\/wp-content\/uploads\/2026\/02\/DivinasEroticMassage.png\" \/>\n\t<meta property=\"og:image:width\" content=\"816\" \/>\n\t<meta property=\"og:image:height\" content=\"546\" \/>\n\t<meta property=\"og:image:type\" content=\"image\/png\" \/>\n<meta name=\"twitter:card\" content=\"summary_large_image\" \/>\n<meta name=\"twitter:label1\" content=\"\u9884\u8ba1\u9605\u8bfb\u65f6\u95f4\" \/>\n\t<meta name=\"twitter:data1\" content=\"2 \u5206\" \/>\n<script type=\"application\/ld+json\" class=\"yoast-schema-graph\">{\"@context\":\"https:\/\/schema.org\",\"@graph\":[{\"@type\":\"WebPage\",\"@id\":\"https:\/\/divinasmassage.com\/privacidad-y-cookies\/\",\"url\":\"https:\/\/divinasmassage.com\/privacidad-y-cookies\/\",\"name\":\"Pol\u00edtica de privacidad y cookies | Divinas Erotic Massage\",\"isPartOf\":{\"@id\":\"https:\/\/divinasmassage.com\/ja\/#website\"},\"datePublished\":\"2026-02-26T14:27:29+00:00\",\"dateModified\":\"2026-03-12T10:26:35+00:00\",\"description\":\"Pol\u00edtica de privacidad y cookies | Divinas Erotic Massage\",\"breadcrumb\":{\"@id\":\"https:\/\/divinasmassage.com\/privacidad-y-cookies\/#breadcrumb\"},\"inLanguage\":\"zh-Hans\",\"potentialAction\":[{\"@type\":\"ReadAction\",\"target\":[\"https:\/\/divinasmassage.com\/privacidad-y-cookies\/\"]}]},{\"@type\":\"BreadcrumbList\",\"@id\":\"https:\/\/divinasmassage.com\/privacidad-y-cookies\/#breadcrumb\",\"itemListElement\":[{\"@type\":\"ListItem\",\"position\":1,\"name\":\"Portada\",\"item\":\"https:\/\/divinasmassage.com\/\"},{\"@type\":\"ListItem\",\"position\":2,\"name\":\"Pol\u00edtica de privacidad y cookies\"}]},{\"@type\":\"WebSite\",\"@id\":\"https:\/\/divinasmassage.com\/ja\/#website\",\"url\":\"https:\/\/divinasmassage.com\/ja\/\",\"name\":\"Divinas Erotic Massage\",\"description\":\"Donde el deseo se transforme en experiencia\",\"publisher\":{\"@id\":\"https:\/\/divinasmassage.com\/ja\/#organization\"},\"alternateName\":\"Divinas Erotic Massage Barcelona\",\"potentialAction\":[{\"@type\":\"SearchAction\",\"target\":{\"@type\":\"EntryPoint\",\"urlTemplate\":\"https:\/\/divinasmassage.com\/ja\/?s={search_term_string}\"},\"query-input\":{\"@type\":\"PropertyValueSpecification\",\"valueRequired\":true,\"valueName\":\"search_term_string\"}}],\"inLanguage\":\"zh-Hans\"},{\"@type\":\"Organization\",\"@id\":\"https:\/\/divinasmassage.com\/ja\/#organization\",\"name\":\"Divinas Erotic Massage\",\"alternateName\":\"Divinas Erotic Massage\",\"url\":\"https:\/\/divinasmassage.com\/ja\/\",\"logo\":{\"@type\":\"ImageObject\",\"inLanguage\":\"zh-Hans\",\"@id\":\"https:\/\/divinasmassage.com\/ja\/#\/schema\/logo\/image\/\",\"url\":\"https:\/\/divinasmassage.com\/wp-content\/uploads\/2026\/02\/DivinasEroticMassage.png\",\"contentUrl\":\"https:\/\/divinasmassage.com\/wp-content\/uploads\/2026\/02\/DivinasEroticMassage.png\",\"width\":816,\"height\":546,\"caption\":\"Divinas Erotic Massage\"},\"image\":{\"@id\":\"https:\/\/divinasmassage.com\/ja\/#\/schema\/logo\/image\/\"}}]}<\/script>\n<!-- \/ Yoast SEO plugin. -->","yoast_head_json":{"title":"\u9690\u79c1\u548c cookie \u653f\u7b56 : Divinas \u60c5\u8da3\u6309\u6469","description":"\u9690\u79c1\u548c cookie \u653f\u7b56 : Divinas \u60c5\u8da3\u6309\u6469","robots":{"index":"index","follow":"follow","max-snippet":"max-snippet:-1","max-image-preview":"max-image-preview:large","max-video-preview":"max-video-preview:-1"},"canonical":"https:\/\/divinasmassage.com\/zh\/\u9690\u79c1\u548c-cookie\/","og_locale":"zh_CN","og_type":"article","og_title":"Pol\u00edtica de privacidad y cookies | Divinas Erotic Massage","og_description":"Pol\u00edtica de privacidad y cookies | Divinas Erotic Massage","og_url":"https:\/\/divinasmassage.com\/zh\/\u9690\u79c1\u548c-cookie\/","og_site_name":"Divinas Erotic Massage","article_modified_time":"2026-03-12T10:26:35+00:00","og_image":[{"width":816,"height":546,"url":"https:\/\/divinasmassage.com\/wp-content\/uploads\/2026\/02\/DivinasEroticMassage.png","type":"image\/png"}],"twitter_card":"summary_large_image","twitter_misc":{"\u9884\u8ba1\u9605\u8bfb\u65f6\u95f4":"2 \u5206"},"schema":{"@context":"https:\/\/schema.org","@graph":[{"@type":"WebPage","@id":"https:\/\/divinasmassage.com\/privacidad-y-cookies\/","url":"https:\/\/divinasmassage.com\/privacidad-y-cookies\/","name":"\u9690\u79c1\u548c cookie \u653f\u7b56 : Divinas \u60c5\u8da3\u6309\u6469","isPartOf":{"@id":"https:\/\/divinasmassage.com\/ja\/#website"},"datePublished":"2026-02-26T14:27:29+00:00","dateModified":"2026-03-12T10:26:35+00:00","description":"\u9690\u79c1\u548c cookie \u653f\u7b56 : Divinas \u60c5\u8da3\u6309\u6469","breadcrumb":{"@id":"https:\/\/divinasmassage.com\/privacidad-y-cookies\/#breadcrumb"},"inLanguage":"zh-Hans","potentialAction":[{"@type":"ReadAction","target":["https:\/\/divinasmassage.com\/privacidad-y-cookies\/"]}]},{"@type":"BreadcrumbList","@id":"https:\/\/divinasmassage.com\/privacidad-y-cookies\/#breadcrumb","itemListElement":[{"@type":"ListItem","position":1,"name":"Portada","item":"https:\/\/divinasmassage.com\/"},{"@type":"ListItem","position":2,"name":"Pol\u00edtica de privacidad y cookies"}]},{"@type":"WebSite","@id":"https:\/\/divinasmassage.com\/ja\/#website","url":"https:\/\/divinasmassage.com\/ja\/","name":"\u8fea\u7ef4\u7eb3\u65af\u60c5\u8272\u6309\u6469","description":"\u5c06\u6b32\u671b\u8f6c\u5316\u4e3a\u4f53\u9a8c","publisher":{"@id":"https:\/\/divinasmassage.com\/ja\/#organization"},"alternateName":"Divinas Erotic Massage Barcelona","potentialAction":[{"@type":"SearchAction","target":{"@type":"EntryPoint","urlTemplate":"https:\/\/divinasmassage.com\/ja\/?s={search_term_string}"},"query-input":{"@type":"PropertyValueSpecification","valueRequired":true,"valueName":"search_term_string"}}],"inLanguage":"zh-Hans"},{"@type":"Organization","@id":"https:\/\/divinasmassage.com\/ja\/#organization","name":"\u8fea\u7ef4\u7eb3\u65af\u60c5\u8272\u6309\u6469","alternateName":"Divinas Erotic Massage","url":"https:\/\/divinasmassage.com\/ja\/","logo":{"@type":"ImageObject","inLanguage":"zh-Hans","@id":"https:\/\/divinasmassage.com\/ja\/#\/schema\/logo\/image\/","url":"https:\/\/divinasmassage.com\/wp-content\/uploads\/2026\/02\/DivinasEroticMassage.png","contentUrl":"https:\/\/divinasmassage.com\/wp-content\/uploads\/2026\/02\/DivinasEroticMassage.png","width":816,"height":546,"caption":"Divinas Erotic Massage"},"image":{"@id":"https:\/\/divinasmassage.com\/ja\/#\/schema\/logo\/image\/"}}]}},"_links":{"self":[{"href":"https:\/\/divinasmassage.com\/zh\/wp-json\/wp\/v2\/pages\/443","targetHints":{"allow":["GET"]}}],"collection":[{"href":"https:\/\/divinasmassage.com\/zh\/wp-json\/wp\/v2\/pages"}],"about":[{"href":"https:\/\/divinasmassage.com\/zh\/wp-json\/wp\/v2\/types\/page"}],"author":[{"embeddable":true,"href":"https:\/\/divinasmassage.com\/zh\/wp-json\/wp\/v2\/users\/1"}],"replies":[{"embeddable":true,"href":"https:\/\/divinasmassage.com\/zh\/wp-json\/wp\/v2\/comments?post=443"}],"version-history":[{"count":6,"href":"https:\/\/divinasmassage.com\/zh\/wp-json\/wp\/v2\/pages\/443\/revisions"}],"predecessor-version":[{"id":1187,"href":"https:\/\/divinasmassage.com\/zh\/wp-json\/wp\/v2\/pages\/443\/revisions\/1187"}],"wp:attachment":[{"href":"https:\/\/divinasmassage.com\/zh\/wp-json\/wp\/v2\/media?parent=443"}],"curies":[{"name":"wp","href":"https:\/\/api.w.org\/{rel}","templated":true}]}}